{"id":3772,"date":"2019-08-06T13:15:44","date_gmt":"2019-08-06T11:15:44","guid":{"rendered":"https:\/\/www.toilettagechienschats.com\/cerezleri-ayarlama\/"},"modified":"2019-08-06T13:15:44","modified_gmt":"2019-08-06T11:15:44","slug":"cerezleri-ayarlama","status":"publish","type":"page","link":"https:\/\/www.toilettagechienschats.com\/tr\/cerezleri-ayarlama\/","title":{"rendered":"\u00c7erezleri ayarlama"},"content":{"rendered":"<div class=\"content-wrapper clearfix\">\n<div id=\"content\" class=\"wrapper site-content\">\n<div id=\"primary\" class=\"content-area\"><main id=\"main\" class=\"site-main\"><\/p>\n<article id=\"post-969\" class=\"blog-no-image post-969 page type-page status-publish hentry\">\n<header class=\"entry-header\">\n<h1 class=\"entry-title\"><span style=\"font-size: 1rem; font-weight: normal;\">Bu site Google Analytics, g\u00f6nderi payla\u015f\u0131m butonlar\u0131 ve dolay\u0131s\u0131yla \u00e7erezler kullanmaktad\u0131r.<\/span><\/h1>\n<\/header>\n<div class=\"entry-content clearfix\">\n<h2>\u00c7erezler Nedir?<\/h2>\n<p>Bunlar, kullan\u0131lan taray\u0131c\u0131n\u0131n ziyaret\u00e7inin sabit diskinde yerel olarak depolad\u0131\u011f\u0131 ve internete yapt\u0131\u011f\u0131 ziyaretlerle ilgili bilgilerin kaydedilmesini sa\u011flayan k\u00fc\u00e7\u00fck dosyalard\u0131r. Taray\u0131c\u0131n\u0131z i\u00e7in tamamen zarars\u0131z ve g\u00fcvenlidirler.<\/p>\n<p>\u00c7erezler sitede gezinmeyi kolayla\u015ft\u0131r\u0131r ve i\u00e7eri\u011fi ve reklamlar\u0131 ki\u015fiselle\u015ftirmemize, sosyal medya \u00f6zellikleri sa\u011flamam\u0131za ve trafi\u011fimizi analiz etmemize olanak tan\u0131r. Sitemizin kullan\u0131m\u0131yla ilgili bilgileri sosyal medya, reklam ve analiz ortaklar\u0131m\u0131zla da payla\u015f\u0131yoruz; bu ortaklar bu bilgileri sizin onlara sa\u011flad\u0131\u011f\u0131n\u0131z veya onlar\u0131n hizmetlerini kullanman\u0131z yoluyla toplad\u0131klar\u0131 di\u011fer bilgilerle birle\u015ftirebilir.<\/p>\n<p>Avrupa mevzuat\u0131, t\u00fcm web sitesi ve blog sahiplerinin ziyaret\u00e7ilerden onay almas\u0131n\u0131 ve isterlerse \u00e7erezleri devre d\u0131\u015f\u0131 b\u0131rakmalar\u0131 i\u00e7in bir yol sunmas\u0131n\u0131 gerektirmektedir.<\/p>\n<p>\u00c7erezlere kar\u015f\u0131 de\u011filseniz, al\u0131\u015fkanl\u0131klar\u0131n\u0131z\u0131 de\u011fi\u015ftirmeden blogu ziyaret etmeye devam edebilirsiniz.<br \/>\n\u00c7erezler sizi rahats\u0131z ediyorsa, taray\u0131c\u0131n\u0131zdan devre d\u0131\u015f\u0131 b\u0131rakabilirsiniz.<\/p>\n<h2>\u00c7erezleri devre d\u0131\u015f\u0131 b\u0131rak<\/h2>\n<h3>Internet Explorer&#8217;dan :<\/h3>\n<p>&#8211; Internet Explorer&#8217;da Ara\u00e7lar d\u00fc\u011fmesine ve ard\u0131ndan Internet Se\u00e7enekleri&#8217;ne t\u0131klay\u0131n.<br \/>\n&#8211; Genel sekmesinde, Tarama Ge\u00e7mi\u015fi alt\u0131nda Ayarlar&#8217;a t\u0131klay\u0131n.<br \/>\n&#8211; Dosyalar\u0131 G\u00f6r\u00fcnt\u00fcle d\u00fc\u011fmesine t\u0131klay\u0131n.<br \/>\n&#8211; T\u00fcm dosyalar\u0131 alfabetik olarak s\u0131ralamak i\u00e7in Ad s\u00fctun ba\u015fl\u0131\u011f\u0131na t\u0131klay\u0131n, ard\u0131ndan Cookie \u00f6nekiyle ba\u015flayan dosyalar\u0131 g\u00f6rene kadar listeyi a\u015fa\u011f\u0131 kayd\u0131r\u0131n. (t\u00fcm \u00e7erezler bu \u00f6n eke sahiptir ve genellikle onu olu\u015fturan web sitesinin ad\u0131n\u0131 i\u00e7erir).<br \/>\n&#8211; Se\u00e7in ve silin<br \/>\n&#8211; Dosya listesini i\u00e7eren pencereyi kapat\u0131n, ard\u0131ndan Internet Explorer&#8217;a d\u00f6nmek i\u00e7in Tamam&#8217;a \u00e7ift t\u0131klay\u0131n.<\/p>\n<h3>Mozilla Firefox&#8217;tan :<\/h3>\n<p>&#8211; Taray\u0131c\u0131n\u0131n Ara\u00e7lar sekmesine gidin ve Se\u00e7enekler men\u00fcs\u00fcn\u00fc se\u00e7in.<br \/>\n&#8211; G\u00f6r\u00fcnen pencerede Gizlilik&#8217;i se\u00e7in ve \u00c7erezleri G\u00f6ster&#8217;e t\u0131klay\u0131n.<br \/>\n&#8211; Bunlar\u0131 se\u00e7in ve silin.<\/p>\n<h3>Safari&#8217;den:<\/h3>\n<p>&#8211; Taray\u0131c\u0131n\u0131zda D\u00fczenle men\u00fcs\u00fcn\u00fc se\u00e7in &gt; Tercihler.<br \/>\n&#8211; G\u00fcvenlik \u00fczerine t\u0131klay\u0131n.<br \/>\n&#8211; \u00c7erezleri G\u00f6ster \u00fczerine t\u0131klay\u0131n.<br \/>\n&#8211; Bunlar\u0131 se\u00e7in ve silin.<br \/>\n&#8211; Sildikten sonra Bitti&#8217;ye t\u0131klay\u0131n.<\/p>\n<h3>Google Chrome&#8217;dan :<\/h3>\n<p>&#8211; Ara\u00e7lar men\u00fc simgesine t\u0131klay\u0131n.<br \/>\n&#8211; Se\u00e7enekler&#8217;i se\u00e7in.<br \/>\n&#8211; Geli\u015fmi\u015f Se\u00e7enekler sekmesine t\u0131klay\u0131n ve Gizlilik b\u00f6l\u00fcm\u00fcne gidin.<br \/>\n&#8211; \u00c7erezleri G\u00f6ster d\u00fc\u011fmesine t\u0131klay\u0131n.<br \/>\n&#8211; Bunlar\u0131 se\u00e7in ve silin.<br \/>\n&#8211; Taray\u0131c\u0131n\u0131za d\u00f6nmek i\u00e7in Kapat&#8217;a t\u0131klay\u0131n.<\/p>\n<p>Di\u011fer internet taray\u0131c\u0131lar\u0131 i\u00e7in o taray\u0131c\u0131ya \u00f6zg\u00fc yard\u0131m b\u00f6l\u00fcm\u00fcne ba\u015fvurman\u0131z yeterli olacakt\u0131r.<\/p>\n<\/div>\n<\/article>\n<p><\/main><\/div>\n<\/div>\n<\/div>\n","protected":false},"excerpt":{"rendered":"<p>Bu site Google Analytics, g\u00f6nderi payla\u015f\u0131m butonlar\u0131 ve dolay\u0131s\u0131yla \u00e7erezler kullanmaktad\u0131r. \u00c7erezler Nedir? Bunlar, kullan\u0131lan taray\u0131c\u0131n\u0131n ziyaret\u00e7inin sabit diskinde yerel olarak depolad\u0131\u011f\u0131 ve internete yapt\u0131\u011f\u0131 ziyaretlerle ilgili bilgilerin kaydedilmesini sa\u011flayan k\u00fc\u00e7\u00fck dosyalard\u0131r. Taray\u0131c\u0131n\u0131z i\u00e7in tamamen zarars\u0131z ve g\u00fcvenlidirler. \u00c7erezler sitede&#8230;<\/p>\n","protected":false},"author":1,"featured_media":0,"parent":0,"menu_order":0,"comment_status":"closed","ping_status":"closed","template":"","meta":{"_uag_custom_page_level_css":"","footnotes":""},"class_list":["post-3772","page","type-page","status-publish","hentry"],"uagb_featured_image_src":{"full":false,"thumbnail":false,"medium":false,"medium_large":false,"large":false,"1536x1536":false,"2048x2048":false,"gucherry-blog-thumbnail-one":false,"gucherry-blog-thumbnail-two":false},"uagb_author_info":{"display_name":"Expert Toilettage","author_link":"https:\/\/www.toilettagechienschats.com\/tr\/author\/aurore-toile\/"},"uagb_comment_info":0,"uagb_excerpt":"Bu site Google Analytics, g\u00f6nderi payla\u015f\u0131m butonlar\u0131 ve dolay\u0131s\u0131yla \u00e7erezler kullanmaktad\u0131r. \u00c7erezler Nedir? Bunlar, kullan\u0131lan taray\u0131c\u0131n\u0131n ziyaret\u00e7inin sabit diskinde yerel olarak depolad\u0131\u011f\u0131 ve internete yapt\u0131\u011f\u0131 ziyaretlerle ilgili bilgilerin kaydedilmesini sa\u011flayan k\u00fc\u00e7\u00fck dosyalard\u0131r. Taray\u0131c\u0131n\u0131z i\u00e7in tamamen zarars\u0131z ve g\u00fcvenlidirler. \u00c7erezler sitede...","_links":{"self":[{"href":"https:\/\/www.toilettagechienschats.com\/tr\/wp-json\/wp\/v2\/pages\/3772","targetHints":{"allow":["GET"]}}],"collection":[{"href":"https:\/\/www.toilettagechienschats.com\/tr\/wp-json\/wp\/v2\/pages"}],"about":[{"href":"https:\/\/www.toilettagechienschats.com\/tr\/wp-json\/wp\/v2\/types\/page"}],"author":[{"embeddable":true,"href":"https:\/\/www.toilettagechienschats.com\/tr\/wp-json\/wp\/v2\/users\/1"}],"replies":[{"embeddable":true,"href":"https:\/\/www.toilettagechienschats.com\/tr\/wp-json\/wp\/v2\/comments?post=3772"}],"version-history":[{"count":0,"href":"https:\/\/www.toilettagechienschats.com\/tr\/wp-json\/wp\/v2\/pages\/3772\/revisions"}],"wp:attachment":[{"href":"https:\/\/www.toilettagechienschats.com\/tr\/wp-json\/wp\/v2\/media?parent=3772"}],"curies":[{"name":"wp","href":"https:\/\/api.w.org\/{rel}","templated":true}]}}