{"id":3767,"date":"2019-08-06T13:14:32","date_gmt":"2019-08-06T11:14:32","guid":{"rendered":"https:\/\/www.toilettagechienschats.com\/yasal-bilgiler\/"},"modified":"2019-08-06T13:14:32","modified_gmt":"2019-08-06T11:14:32","slug":"yasal-bilgiler","status":"publish","type":"page","link":"https:\/\/www.toilettagechienschats.com\/tr\/yasal-bilgiler\/","title":{"rendered":"Yasal bilgiler"},"content":{"rendered":"<header class=\"entry-header\">\n<h2 class=\"entry-title\"><span style=\"font-size: 2em;\">Yasal bilgiler<\/span><\/h2>\n<\/header>\n<div class=\"entry-content clearfix\">\n<p>&nbsp;<\/p>\n<h3>1. Sitenin tan\u0131t\u0131m\u0131.<\/h3>\n<p>Dijital ekonomide g\u00fcvene ili\u015fkin 21 Haziran 2004 tarihli ve 2004-575 say\u0131l\u0131 Kanunun 6. Maddesi uyar\u0131nca, <a title=\"Rose Belle - http:\/\/www.toilettagechienschats.com\" href=\"https:\/\/web.archive.org\/web\/20181225000039\/http:\/\/http\/\/www.toilettagechienschats.com\/\">http:\/\/www.toilettagechienschats.com<\/a> web sitesinin kullan\u0131c\u0131lar\u0131, sitenin olu\u015fturulmas\u0131 ve izlenmesinde yer alan \u00e7e\u015fitli taraflar\u0131n kimlikleri hakk\u0131nda bilgilendirilmektedir:<\/p>\n<p>Sahibi ve Yay\u0131n M\u00fcd\u00fcr\u00fc: Aurore Belle &#8211; les coteaux de roche, 42230 Roche-la-Moli\u00e8re<\/p>\n<p>Yarat\u0131c\u0131 ve Web Y\u00f6neticisi: <a href=\"https:\/\/web.archive.org\/web\/20181225000039\/http:\/\/www.toilettagechienschats.com\/\">Rose<\/a> &#8211; support@toilettagechienschats.com<\/p>\n<p>Yay\u0131ndan sorumlu ki\u015fi ger\u00e7ek veya t\u00fczel ki\u015fidir.<\/p>\n<p>Credits: yasal bildirimler <a title=\"Web Ajans\u0131 Angoul\u00eame\" href=\"https:\/\/web.archive.org\/web\/20181225000039\/http:\/\/www.subdelirium.com\/\" target=\"_blank\" rel=\"noopener\">SubDelirium Agence Communication Angoul\u00eame<\/a> taraf\u0131ndan olu\u015fturulmu\u015f ve sunulmu\u015ftur<\/p>\n<p>Ana bilgisayar: Hostgator &#8211; 11251 Northwest Freeway, Suite 400 Houston, TX 77092, ABD<\/p>\n<p>&nbsp;<\/p>\n<h3>2. Sitenin ve sunulan hizmetlerin genel kullan\u0131m ko\u015fullar\u0131.<\/h3>\n<p><a title=\"Rose Belle - http:\/\/www.toilettagechienschats.com\" href=\"https:\/\/web.archive.org\/web\/20181225000039\/http:\/\/http\/\/www.toilettagechienschats.com\/\">http:\/\/www.toilettagechienschats.com<\/a> web sitesinin kullan\u0131m\u0131, a\u015fa\u011f\u0131da a\u00e7\u0131klanan genel kullan\u0131m ko\u015fullar\u0131n\u0131n tam olarak kabul edildi\u011fi anlam\u0131na gelir. Bu kullan\u0131m ko\u015fullar\u0131 herhangi bir zamanda de\u011fi\u015ftirilebilir veya eklenebilir. http:\/\/www. <a title=\"Rose Belle - http:\/\/www.toilettagechienschats.com\" href=\"https:\/\/web.archive.org\/web\/20181225000039\/http:\/\/http\/\/www.toilettagechienschats.com\/\">toilettagechienschats.com<\/a> web sitesinin kullan\u0131c\u0131lar\u0131 bu nedenle d\u00fczenli olarak bunlara ba\u015fvurmaya davet edilmektedir.<\/p>\n<p>Bu site normalde kullan\u0131c\u0131lar taraf\u0131ndan her zaman eri\u015filebilir durumdad\u0131r. Ancak, <a title=\"Rose Belle - http:\/\/www.toilettagechienschats.com\" href=\"https:\/\/web.archive.org\/web\/20181225000039\/http:\/\/http\/\/www.toilettagechienschats.com\/\">http:\/\/www.toilettagechienschats.com<\/a> teknik bak\u0131m amac\u0131yla web sitesine ara vermeye karar verebilir. B\u00f6yle bir durumda, http:\/\/www.toilettagechienschats.com kullan\u0131c\u0131lar\u0131 m\u00fcdahalenin tarih ve saatleri konusunda \u00f6nceden bilgilendirmeye \u00e7al\u0131\u015facakt\u0131r.<\/p>\n<p><a title=\"Rose Belle - http:\/\/www.toilettagechienschats.com\" href=\"https:\/\/web.archive.org\/web\/20181225000039\/http:\/\/http\/\/www.toilettagechienschats.com\/\">http:\/\/www.toilettagechienschats.com<\/a> web sitesi, web y\u00f6neticisi taraf\u0131ndan d\u00fczenli olarak g\u00fcncellenmektedir. Ayn\u0131 \u015fekilde, yasal bildirimler herhangi bir zamanda de\u011fi\u015ftirilebilir: yine de, bunlar\u0131 not etmek i\u00e7in m\u00fcmk\u00fcn oldu\u011funca s\u0131k ba\u015fvurmaya davet edilen kullan\u0131c\u0131 i\u00e7in ba\u011flay\u0131c\u0131d\u0131rlar.<\/p>\n<p>&nbsp;<\/p>\n<h3>3. Sa\u011flanan hizmetlerin tan\u0131m\u0131.<\/h3>\n<p><a title=\"Rose Belle - http:\/\/www.toilettagechienschats.com\" href=\"https:\/\/web.archive.org\/web\/20181225000039\/http:\/\/http\/\/www.toilettagechienschats.com\/\">http:\/\/www.toilettagechienschats.com<\/a> web sitesinin amac\u0131, \u015firketin t\u00fcm faaliyetleri hakk\u0131nda bilgi sa\u011flamakt\u0131r.<\/p>\n<p>Webmaster, <a title=\"Rose Belle - http:\/\/www.toilettagechienschats.com\" href=\"https:\/\/web.archive.org\/web\/20181225000039\/http:\/\/http\/\/www.toilettagechienschats.com\/\">http:\/\/www.toilettagechienschats.com<\/a> web sitesinde m\u00fcmk\u00fcn oldu\u011funca do\u011fru bilgi sa\u011flamaya \u00e7al\u0131\u015fmaktad\u0131r. Ancak, ister kendi hatas\u0131 olsun isterse kendisine bu bilgileri sa\u011flayan \u00fc\u00e7\u00fcnc\u00fc taraf ortaklar\u0131n hatas\u0131 olsun, g\u00fcncellemedeki eksikliklerden, yanl\u0131\u015fl\u0131klardan ve eksikliklerden sorumlu tutulamaz.<\/p>\n<p><a title=\"Rose Belle - http:\/\/www.toilettagechienschats.com\" href=\"https:\/\/web.archive.org\/web\/20181225000039\/http:\/\/http\/\/www.toilettagechienschats.com\/\">http:\/\/www.toilettagechienschats.com<\/a> web sitesindeki t\u00fcm bilgiler g\u00f6sterge olarak verilmi\u015ftir ve de\u011fi\u015febilir. Ayr\u0131ca, <a title=\"Rose Belle - http:\/\/www.toilettagechienschats.com\" href=\"https:\/\/web.archive.org\/web\/20181225000039\/http:\/\/http\/\/www.toilettagechienschats.com\/\">http:\/\/www.toilettagechienschats.com<\/a> web sitesindeki bilgiler eksiksiz de\u011fildir. Bunlar, \u00e7evrimi\u00e7i hale getirilmelerinden bu yana yap\u0131lan de\u011fi\u015fikliklere tabi olarak verilmektedir.<\/p>\n<p>&nbsp;<\/p>\n<h3>4. Teknik verilere ili\u015fkin s\u00f6zle\u015fme s\u0131n\u0131rlamalar\u0131.<\/h3>\n<p>Site JavaScript teknolojisini kullanmaktad\u0131r.<\/p>\n<p>Web sitesi, web sitesinin kullan\u0131m\u0131 ile ilgili herhangi bir maddi zarardan sorumlu tutulamaz. Ayr\u0131ca, sitenin kullan\u0131c\u0131s\u0131, son nesil g\u00fcncellenmi\u015f bir taray\u0131c\u0131 ile yeni, vir\u00fcss\u00fcz ekipman kullanarak siteye eri\u015fmeyi taahh\u00fct eder<\/p>\n<p>&nbsp;<\/p>\n<h3>5. Fikri m\u00fclkiyet ve sahtecilik.<\/h3>\n<p>Sitenin sahibi, fikri m\u00fclkiyet haklar\u0131n\u0131n sahibidir veya sitede eri\u015filebilen t\u00fcm unsurlar, \u00f6zellikle metinler, resimler, grafikler, logolar, simgeler, sesler, yaz\u0131l\u0131mlar \u00fczerinde kullan\u0131m haklar\u0131na sahiptir.<\/p>\n<p>Webmaster&#8217;\u0131n \u00f6nceden yaz\u0131l\u0131 izni olmad\u0131k\u00e7a, kullan\u0131lan ara\u00e7 veya s\u00fcre\u00e7 ne olursa olsun, sitenin unsurlar\u0131n\u0131n tamam\u0131n\u0131n veya bir k\u0131sm\u0131n\u0131n \u00e7o\u011falt\u0131lmas\u0131, temsili, de\u011fi\u015ftirilmesi, yay\u0131nlanmas\u0131, uyarlanmas\u0131 yasakt\u0131r.<\/p>\n<p>Sitenin veya i\u00e7erdi\u011fi unsurlardan herhangi birinin izinsiz kullan\u0131m\u0131 bir ihlal olarak kabul edilecek ve Fikri M\u00fclkiyet Kanunu&#8217;nun L.335-2 ve devam\u0131 maddelerinin h\u00fck\u00fcmleri uyar\u0131nca kovu\u015fturulacakt\u0131r.<\/p>\n<p>&nbsp;<\/p>\n<h3>6. Sorumluluk s\u0131n\u0131rlamalar\u0131.<\/h3>\n<p>&#8220;Toilettage Chiens Chats&#8221; sitesinin sorumlusu, siteye eri\u015fim s\u0131ras\u0131nda kullan\u0131c\u0131n\u0131n materyalinden kaynaklanan ve 4. maddede belirtilen \u00f6zelliklere uymayan bir materyalin kullan\u0131lmas\u0131ndan veya bir hatan\u0131n veya uyumsuzlu\u011fun ortaya \u00e7\u0131kmas\u0131ndan kaynaklanan do\u011frudan veya dolayl\u0131 hasardan sorumlu tutulamaz.<\/p>\n<p>&#8220;Toilettage Chiens Chats&#8221; web sitesinden sorumlu ki\u015fi, <a title=\"Rose Belle - http:\/\/www.toilettagechienschats.com\" href=\"https:\/\/web.archive.org\/web\/20181225000039\/http:\/\/http\/\/www.toilettagechienschats.com\/\">http:\/\/www.toilettagechienschats.com<\/a> web sitesinin kullan\u0131m\u0131ndan kaynaklanan herhangi bir dolayl\u0131 zarardan (pazar kayb\u0131 veya f\u0131rsat kayb\u0131 gibi) sorumlu tutulamaz.<\/p>\n<p>Etkile\u015fimli alanlar (ileti\u015fim alan\u0131nda soru sorma imkan\u0131) kullan\u0131c\u0131lar\u0131n kullan\u0131m\u0131na sunulmu\u015ftur. Web y\u00f6neticisi, bu alanda yay\u0131nlanan ve Fransa&#8217;da y\u00fcr\u00fcrl\u00fckte olan mevzuata, \u00f6zellikle de veri koruma ile ilgili h\u00fck\u00fcmlere ayk\u0131r\u0131 olan her t\u00fcrl\u00fc i\u00e7eri\u011fi \u00f6nceden haber vermeksizin silme hakk\u0131n\u0131 sakl\u0131 tutar. Uygulanabilir oldu\u011fu durumlarda, web y\u00f6neticisi, \u00f6zellikle \u0131rk\u00e7\u0131, hakaret i\u00e7eren, karalay\u0131c\u0131 veya pornografik nitelikteki mesajlar s\u00f6z konusu oldu\u011funda, kullan\u0131lan ara\u00e7 ne olursa olsun (metin, foto\u011fraf vb.) kullan\u0131c\u0131y\u0131 hukuki ve\/veya cezai olarak sorumlu tutma hakk\u0131n\u0131 da sakl\u0131 tutar.<\/p>\n<p>&nbsp;<\/p>\n<h3>7. Ki\u015fisel veri y\u00f6netimi.<\/h3>\n<p>Fransa&#8217;da ki\u015fisel veriler 6 Ocak 1978 tarihli ve 78-87 say\u0131l\u0131 kanun, 6 A\u011fustos 2004 tarihli ve 2004-801 say\u0131l\u0131 kanun, Ceza Kanunu&#8217;nun L. 226-13 say\u0131l\u0131 maddesi ve 24 Ekim 1995 tarihli Avrupa Direktifi ile korunmaktad\u0131r.<\/p>\n<p><a title=\"Rose Belle - http:\/\/www.toilettagechienschats.com\" href=\"https:\/\/web.archive.org\/web\/20181225000039\/http:\/\/http\/\/www.toilettagechienschats.com\/\">http:\/\/www.toilettagechienschats.com<\/a> web sitesini kullan\u0131rken, a\u015fa\u011f\u0131daki bilgiler toplanabilir: kullan\u0131c\u0131n\u0131n <a title=\"Rose Belle - http:\/\/www.toilettagechienschats.com\" href=\"https:\/\/web.archive.org\/web\/20181225000039\/http:\/\/http\/\/www.toilettagechienschats.com\/\">http:\/\/www.toilettagechienschats.com<\/a> web sitesine eri\u015fti\u011fi ba\u011flant\u0131lar\u0131n URL&#8217;si, kullan\u0131c\u0131n\u0131n eri\u015fim sa\u011flay\u0131c\u0131s\u0131, kullan\u0131c\u0131n\u0131n \u0130nternet protokol\u00fc (IP) adresi.<\/p>\n<p>Her durumda, &#8220;Toilettage Chiens Chats&#8221; web sitesi, kullan\u0131c\u0131ya ili\u015fkin ki\u015fisel bilgileri yaln\u0131zca <a title=\"Rose Belle - http:\/\/www.toilettagechienschats.com\" href=\"https:\/\/web.archive.org\/web\/20181225000039\/http:\/\/http\/\/www.toilettagechienschats.com\/\">http:\/\/www.toilettagechienschats.com<\/a> web sitesi taraf\u0131ndan sunulan belirli hizmetlere ihtiya\u00e7 duyulmas\u0131 i\u00e7in toplar. Kullan\u0131c\u0131 bu bilgileri, \u00f6zellikle de kendisi girdi\u011finde, ger\u00e7ekler hakk\u0131nda tam bilgi sahibi olarak sa\u011flar. Daha sonra <a title=\"Rose Belle - http:\/\/www.toilettagechienschats.com\" href=\"https:\/\/web.archive.org\/web\/20181225000039\/http:\/\/http\/\/www.toilettagechienschats.com\/\">http:\/\/www.toilettagechienschats.com<\/a> web sitesinin kullan\u0131c\u0131s\u0131 bu bilgileri vermesinin gerekip gerekmedi\u011fi konusunda bilgilendirilir.<\/p>\n<p>Veri i\u015fleme, dosyalar ve \u00f6zg\u00fcrl\u00fcklerle ilgili 6 Ocak 1978 tarihli ve 78-17 say\u0131l\u0131 yasan\u0131n 38. ve sonraki maddelerinin h\u00fck\u00fcmleri uyar\u0131nca, herhangi bir kullan\u0131c\u0131, cevab\u0131n g\u00f6nderilmesi gereken adresi belirterek, belge sahibinin imzas\u0131n\u0131 ta\u015f\u0131yan kimlik kart\u0131n\u0131n bir kopyas\u0131 ile birlikte yaz\u0131l\u0131 ve imzal\u0131 bir talepte bulunarak, kendisiyle ilgili ki\u015fisel verilere eri\u015fim, d\u00fczeltme ve itiraz etme hakk\u0131na sahiptir.<\/p>\n<p><a title=\"Rose Belle - http:\/\/www.toilettagechienschats.com\" href=\"https:\/\/web.archive.org\/web\/20181225000039\/http:\/\/http\/\/www.toilettagechienschats.com\/\">http:\/\/www.toilettagechienschats.com<\/a> web sitesi kullan\u0131c\u0131s\u0131na ait hi\u00e7bir ki\u015fisel bilgi, kullan\u0131c\u0131n\u0131n bilgisi d\u0131\u015f\u0131nda yay\u0131nlanmamakta, \u00fc\u00e7\u00fcnc\u00fc \u015fah\u0131slara herhangi bir ortamda aktar\u0131lmamakta, devredilmemekte veya sat\u0131lmamaktad\u0131r. Sadece &#8220;Toilettage Chiens Chats&#8221; sitesinin ve haklar\u0131n\u0131n yeniden sat\u0131n al\u0131nmas\u0131 hipotezi, yukar\u0131da belirtilen bilgilerin olas\u0131 al\u0131c\u0131ya iletilmesine izin verecektir ve bu al\u0131c\u0131 da sitenin kullan\u0131c\u0131s\u0131 ile ilgili olarak verilerin korunmas\u0131 ve de\u011fi\u015ftirilmesi konusunda ayn\u0131 y\u00fck\u00fcml\u00fcl\u00fc\u011fe sahip olacakt\u0131r  <a title=\"Rose Belle - http:\/\/www.toilettagechienschats.com\" href=\"https:\/\/web.archive.org\/web\/20181225000039\/http:\/\/http\/\/www.toilettagechienschats.com\/\">http:\/\/www.toilettagechienschats.com<\/a>.<\/p>\n<p>Yukar\u0131da belirtilen site 1649446 numaras\u0131yla CNIL&#8217;e beyan edilmi\u015ftir.<\/p>\n<p>Veri tabanlar\u0131, veri tabanlar\u0131n\u0131n yasal olarak korunmas\u0131na ili\u015fkin 11 Mart 1996 tarihli ve 96\/9 say\u0131l\u0131 Direktifi i\u00e7 hukuka aktaran 1 Temmuz 1998 tarihli yasa h\u00fck\u00fcmleri ile korunmaktad\u0131r.<\/p>\n<p>&nbsp;<\/p>\n<h3>8. K\u00f6pr\u00fcler ve \u00e7erezler.<\/h3>\n<p><a title=\"Rose Belle - http:\/\/www.toilettagechienschats.com\" href=\"https:\/\/web.archive.org\/web\/20181225000039\/http:\/\/http\/\/www.toilettagechienschats.com\/\">http:\/\/www.toilettagechienschats.com<\/a> web sitesi, yay\u0131n y\u00f6neticisinin izniyle kurulan di\u011fer sitelere bir dizi k\u00f6pr\u00fc ba\u011flant\u0131 i\u00e7erir. Bununla birlikte, yay\u0131ndan sorumlu ki\u015fi, bu \u015fekilde ziyaret edilen sitelerin i\u00e7eri\u011fini kontrol etme olana\u011f\u0131na sahip de\u011fildir ve sonu\u00e7 olarak bu konuda herhangi bir sorumluluk kabul etmeyecektir.<\/p>\n<p><a title=\"Rose Belle - http:\/\/www.toilettagechienschats.com\" href=\"https:\/\/web.archive.org\/web\/20181225000039\/http:\/\/http\/\/www.toilettagechienschats.com\/\">http:\/\/www.toilettagechienschats.com<\/a> web sitesinde gezinmek, kullan\u0131c\u0131n\u0131n bilgisayar\u0131na \u00e7erezlerin y\u00fcklenmesine neden olabilir. \u00c7erez, kullan\u0131c\u0131n\u0131n kimli\u011finin belirlenmesine izin vermeyen, ancak bir bilgisayar\u0131n bir sitede gezinmesiyle ilgili bilgileri kaydeden k\u00fc\u00e7\u00fck bir dosyad\u0131r. Bu \u015fekilde elde edilen veriler, sitede daha sonra gezinmeyi kolayla\u015ft\u0131rmay\u0131 ve ayr\u0131ca \u00e7e\u015fitli s\u0131kl\u0131k \u00f6l\u00e7\u00fcmlerine izin vermeyi ama\u00e7lamaktad\u0131r.<\/p>\n<p>\u00c7erez y\u00fcklemeyi reddetmek, belirli hizmetlere eri\u015fimi imkans\u0131z hale getirebilir. Ancak, kullan\u0131c\u0131 bilgisayar\u0131n\u0131 \u00e7erezlerin y\u00fcklenmesini reddedecek \u015fekilde yap\u0131land\u0131rabilir.<\/p>\n<p>&nbsp;<\/p>\n<h3>9. Uygulanacak hukuk ve yarg\u0131 yetkisi.<\/h3>\n<p><a title=\"Rose Belle - http:\/\/www.toilettagechienschats.com\" href=\"https:\/\/web.archive.org\/web\/20181225000039\/http:\/\/http\/\/www.toilettagechienschats.com\/\">http:\/\/www.toilettagechienschats.com<\/a> web sitesinin kullan\u0131m\u0131 ile ilgili her t\u00fcrl\u00fc anla\u015fmazl\u0131k Frans\u0131z yasalar\u0131na tabidir. Paris&#8217;teki yetkili mahkemeler m\u00fcnhas\u0131r yarg\u0131 yetkisine sahiptir.<\/p>\n<p>&nbsp;<\/p>\n<h3>10. \u0130lgili ana yasalar.<\/h3>\n<p>6 Ocak 1978 tarihli ve 78-87 say\u0131l\u0131 Kanun, \u00f6zellikle 6 A\u011fustos 2004 tarihli ve 2004-801 say\u0131l\u0131 Bilgi Teknolojisi, Dosyalar ve \u00d6zg\u00fcrl\u00fckler Kanunu ile de\u011fi\u015ftirilmi\u015ftir.<\/p>\n<p>Dijital ekonomide g\u00fcven i\u00e7in 21 Haziran 2004 tarihli ve 2004-575 say\u0131l\u0131 Kanun.<\/p>\n<p>&nbsp;<\/p>\n<h3>11. Lexicon.<\/h3>\n<p>Kullan\u0131c\u0131: Yukar\u0131da belirtilen siteye ba\u011flanan ve siteyi kullanan internet kullan\u0131c\u0131s\u0131.<\/p>\n<p>Ki\u015fisel bilgi: &#8220;her ne \u015fekilde olursa olsun, do\u011frudan veya dolayl\u0131 olarak, ilgili oldu\u011fu ger\u00e7ek ki\u015filerin kimliklerinin belirlenmesine olanak tan\u0131yan bilgi&#8221; (6 Ocak 1978 tarihli ve 78-17 say\u0131l\u0131 kanunun 4. maddesi).<\/p>\n<\/div>\n","protected":false},"excerpt":{"rendered":"<p>Yasal bilgiler &nbsp; 1. Sitenin tan\u0131t\u0131m\u0131. Dijital ekonomide g\u00fcvene ili\u015fkin 21 Haziran 2004 tarihli ve 2004-575 say\u0131l\u0131 Kanunun 6. Maddesi uyar\u0131nca, http:\/\/www.toilettagechienschats.com web sitesinin kullan\u0131c\u0131lar\u0131, sitenin olu\u015fturulmas\u0131 ve izlenmesinde yer alan \u00e7e\u015fitli taraflar\u0131n kimlikleri hakk\u0131nda bilgilendirilmektedir: Sahibi ve Yay\u0131n M\u00fcd\u00fcr\u00fc:&#8230;<\/p>\n","protected":false},"author":1,"featured_media":0,"parent":0,"menu_order":0,"comment_status":"closed","ping_status":"closed","template":"","meta":{"_uag_custom_page_level_css":"","footnotes":""},"class_list":["post-3767","page","type-page","status-publish","hentry"],"uagb_featured_image_src":{"full":false,"thumbnail":false,"medium":false,"medium_large":false,"large":false,"1536x1536":false,"2048x2048":false,"gucherry-blog-thumbnail-one":false,"gucherry-blog-thumbnail-two":false},"uagb_author_info":{"display_name":"Expert Toilettage","author_link":"https:\/\/www.toilettagechienschats.com\/tr\/author\/aurore-toile\/"},"uagb_comment_info":0,"uagb_excerpt":"Yasal bilgiler &nbsp; 1. Sitenin tan\u0131t\u0131m\u0131. Dijital ekonomide g\u00fcvene ili\u015fkin 21 Haziran 2004 tarihli ve 2004-575 say\u0131l\u0131 Kanunun 6. Maddesi uyar\u0131nca, http:\/\/www.toilettagechienschats.com web sitesinin kullan\u0131c\u0131lar\u0131, sitenin olu\u015fturulmas\u0131 ve izlenmesinde yer alan \u00e7e\u015fitli taraflar\u0131n kimlikleri hakk\u0131nda bilgilendirilmektedir: Sahibi ve Yay\u0131n M\u00fcd\u00fcr\u00fc:...","_links":{"self":[{"href":"https:\/\/www.toilettagechienschats.com\/tr\/wp-json\/wp\/v2\/pages\/3767","targetHints":{"allow":["GET"]}}],"collection":[{"href":"https:\/\/www.toilettagechienschats.com\/tr\/wp-json\/wp\/v2\/pages"}],"about":[{"href":"https:\/\/www.toilettagechienschats.com\/tr\/wp-json\/wp\/v2\/types\/page"}],"author":[{"embeddable":true,"href":"https:\/\/www.toilettagechienschats.com\/tr\/wp-json\/wp\/v2\/users\/1"}],"replies":[{"embeddable":true,"href":"https:\/\/www.toilettagechienschats.com\/tr\/wp-json\/wp\/v2\/comments?post=3767"}],"version-history":[{"count":0,"href":"https:\/\/www.toilettagechienschats.com\/tr\/wp-json\/wp\/v2\/pages\/3767\/revisions"}],"wp:attachment":[{"href":"https:\/\/www.toilettagechienschats.com\/tr\/wp-json\/wp\/v2\/media?parent=3767"}],"curies":[{"name":"wp","href":"https:\/\/api.w.org\/{rel}","templated":true}]}}