{"id":3816,"date":"2021-12-07T16:40:15","date_gmt":"2021-12-07T15:40:15","guid":{"rendered":"https:\/\/www.toilettagechienschats.com\/obrigado\/"},"modified":"2021-12-07T16:40:15","modified_gmt":"2021-12-07T15:40:15","slug":"obrigado","status":"publish","type":"page","link":"https:\/\/www.toilettagechienschats.com\/pt-br\/obrigado\/","title":{"rendered":"Obrigado"},"content":{"rendered":"<h3>Obrigado pela sua inscri\u00e7\u00e3o e pagamento. Por favor fa\u00e7a login <a href=\"\/?page_id=681\"> aqui . <\/a><\/h3>\n","protected":false},"excerpt":{"rendered":"<p>Obrigado pela sua inscri\u00e7\u00e3o e pagamento. Por favor fa\u00e7a login aqui .<\/p>\n","protected":false},"author":1,"featured_media":0,"parent":0,"menu_order":0,"comment_status":"closed","ping_status":"closed","template":"","meta":{"_uag_custom_page_level_css":"","footnotes":""},"class_list":["post-3816","page","type-page","status-publish","hentry"],"uagb_featured_image_src":{"full":false,"thumbnail":false,"medium":false,"medium_large":false,"large":false,"1536x1536":false,"2048x2048":false,"gucherry-blog-thumbnail-one":false,"gucherry-blog-thumbnail-two":false},"uagb_author_info":{"display_name":"Expert Toilettage","author_link":"https:\/\/www.toilettagechienschats.com\/pt-br\/author\/aurore-toile\/"},"uagb_comment_info":0,"uagb_excerpt":"Obrigado pela sua inscri\u00e7\u00e3o e pagamento. Por favor fa\u00e7a login aqui .","_links":{"self":[{"href":"https:\/\/www.toilettagechienschats.com\/pt-br\/wp-json\/wp\/v2\/pages\/3816","targetHints":{"allow":["GET"]}}],"collection":[{"href":"https:\/\/www.toilettagechienschats.com\/pt-br\/wp-json\/wp\/v2\/pages"}],"about":[{"href":"https:\/\/www.toilettagechienschats.com\/pt-br\/wp-json\/wp\/v2\/types\/page"}],"author":[{"embeddable":true,"href":"https:\/\/www.toilettagechienschats.com\/pt-br\/wp-json\/wp\/v2\/users\/1"}],"replies":[{"embeddable":true,"href":"https:\/\/www.toilettagechienschats.com\/pt-br\/wp-json\/wp\/v2\/comments?post=3816"}],"version-history":[{"count":0,"href":"https:\/\/www.toilettagechienschats.com\/pt-br\/wp-json\/wp\/v2\/pages\/3816\/revisions"}],"wp:attachment":[{"href":"https:\/\/www.toilettagechienschats.com\/pt-br\/wp-json\/wp\/v2\/media?parent=3816"}],"curies":[{"name":"wp","href":"https:\/\/api.w.org\/{rel}","templated":true}]}}