{"id":3768,"date":"2019-08-06T13:15:44","date_gmt":"2019-08-06T11:15:44","guid":{"rendered":"https:\/\/www.toilettagechienschats.com\/colocacao-de-cookies\/"},"modified":"2019-08-06T13:15:44","modified_gmt":"2019-08-06T11:15:44","slug":"colocacao-de-cookies","status":"publish","type":"page","link":"https:\/\/www.toilettagechienschats.com\/pt-br\/colocacao-de-cookies\/","title":{"rendered":"Coloca\u00e7\u00e3o de cookies"},"content":{"rendered":"<div class=\"content-wrapper clearfix\">\n<div id=\"content\" class=\"wrapper site-content\">\n<div id=\"primary\" class=\"content-area\"><main id=\"main\" class=\"site-main\"><\/p>\n<article id=\"post-969\" class=\"blog-no-image post-969 page type-page status-publish hentry\">\n<header class=\"entry-header\">\n<h1 class=\"entry-title\"><span style=\"font-size: 1rem; font-weight: normal;\">Este site utiliza Google Analytics, bot\u00f5es de partilha de correio e, portanto, cookies.<\/span><\/h1>\n<\/header>\n<div class=\"entry-content clearfix\">\n<h2>O que s\u00e3o Cookies?<\/h2>\n<p>Estes s\u00e3o pequenos ficheiros que o navegador utilizado armazena localmente no disco r\u00edgido do visitante e que permitem o registo de informa\u00e7\u00f5es sobre as suas visitas \u00e0 rede. S\u00e3o completamente inofensivos e seguros para o seu navegador.<\/p>\n<p>Os cookies tornam o site mais f\u00e1cil de navegar e permitem-nos personalizar conte\u00fados e an\u00fancios, fornecer caracter\u00edsticas das redes sociais e analisar o nosso tr\u00e1fego. Tamb\u00e9m partilhamos informa\u00e7\u00f5es sobre a utiliza\u00e7\u00e3o do nosso site com os nossos parceiros dos meios de comunica\u00e7\u00e3o social, publicidade e an\u00e1lise, que podem combinar estas com outras informa\u00e7\u00f5es que lhes tenha fornecido ou que tenham recolhido atrav\u00e9s da sua utiliza\u00e7\u00e3o dos seus servi\u00e7os.<\/p>\n<p>A legisla\u00e7\u00e3o europeia exige que todos os propriet\u00e1rios de websites e blogs obtenham o consentimento dos visitantes e lhes ofere\u00e7am uma forma de desactivar os cookies, se assim o desejarem.<\/p>\n<p>Se n\u00e3o se opuser aos cookies, pode continuar a visitar o blog sem alterar os seus h\u00e1bitos.<br \/>\nSe os cookies o incomodarem, pode desactiv\u00e1-los a partir do seu navegador.<\/p>\n<h2>Desactivar cookies<\/h2>\n<h3>Do Internet Explorer :<\/h3>\n<p>&#8211; No Internet Explorer, clicar no bot\u00e3o Ferramentas e depois em Op\u00e7\u00f5es da Internet.<br \/>\n&#8211; No separador Geral, em Browsing History, clicar em Settings.<br \/>\n&#8211; Clique no bot\u00e3o View Files (Ver Ficheiros).<br \/>\n&#8211; Clique no cabe\u00e7alho da coluna Nome para ordenar todos os ficheiros por ordem alfab\u00e9tica, depois des\u00e7a a lista at\u00e9 ver ficheiros que come\u00e7am com o prefixo Cookie. (todos os cookies t\u00eam este prefixo e geralmente cont\u00eam o nome do website que o criou).<br \/>\n&#8211; Seleccion\u00e1-los e elimin\u00e1-los<br \/>\n&#8211; Fechar a janela que cont\u00e9m a lista de ficheiros, depois clicar duas vezes em OK para voltar ao Internet Explorer.<\/p>\n<h3>De Mozilla Firefox :<\/h3>\n<p>&#8211; Ir para o separador Ferramentas do browser e seleccionar o menu Op\u00e7\u00f5es.<br \/>\n&#8211; Na janela que aparece, escolher Privacidade e clicar em Mostrar Cookies.<br \/>\n&#8211; Seleccion\u00e1-los e elimin\u00e1-los.<\/p>\n<h3>Do Safari :<\/h3>\n<p>&#8211; No seu navegador, escolha o menu Editar &gt; Prefer\u00eancias.<br \/>\n&#8211; Clique em Seguran\u00e7a.<br \/>\n&#8211; Clique em Mostrar Cookies.<br \/>\n&#8211; Seleccion\u00e1-los e elimin\u00e1-los.<br \/>\n&#8211; Ap\u00f3s apagar, clicar em Done (Feito).<\/p>\n<h3>Do Google Chrome :<\/h3>\n<p>&#8211; Clique no \u00edcone do menu Ferramentas.<br \/>\n&#8211; Seleccione Op\u00e7\u00f5es.<br \/>\n&#8211; Clique no separador Op\u00e7\u00f5es Avan\u00e7adas e v\u00e1 para a sec\u00e7\u00e3o Privacidade.<br \/>\n&#8211; Clique no bot\u00e3o Mostrar Cookies.<br \/>\n&#8211; Seleccion\u00e1-los e elimin\u00e1-los.<br \/>\n&#8211; Clique em Close (Fechar) para voltar ao seu navegador.<\/p>\n<p>Para qualquer outro navegador da Internet, ser\u00e1 suficiente consultar a sec\u00e7\u00e3o de ajuda espec\u00edfica para esse navegador.<\/p>\n<\/div>\n<\/article>\n<p><\/main><\/div>\n<\/div>\n<\/div>\n","protected":false},"excerpt":{"rendered":"<p>Este site utiliza Google Analytics, bot\u00f5es de partilha de correio e, portanto, cookies. O que s\u00e3o Cookies? Estes s\u00e3o pequenos ficheiros que o navegador utilizado armazena localmente no disco r\u00edgido do visitante e que permitem o registo de informa\u00e7\u00f5es sobre&#8230;<\/p>\n","protected":false},"author":1,"featured_media":0,"parent":0,"menu_order":0,"comment_status":"closed","ping_status":"closed","template":"","meta":{"_uag_custom_page_level_css":"","footnotes":""},"class_list":["post-3768","page","type-page","status-publish","hentry"],"uagb_featured_image_src":{"full":false,"thumbnail":false,"medium":false,"medium_large":false,"large":false,"1536x1536":false,"2048x2048":false,"gucherry-blog-thumbnail-one":false,"gucherry-blog-thumbnail-two":false},"uagb_author_info":{"display_name":"Expert Toilettage","author_link":"https:\/\/www.toilettagechienschats.com\/pt-br\/author\/aurore-toile\/"},"uagb_comment_info":0,"uagb_excerpt":"Este site utiliza Google Analytics, bot\u00f5es de partilha de correio e, portanto, cookies. O que s\u00e3o Cookies? Estes s\u00e3o pequenos ficheiros que o navegador utilizado armazena localmente no disco r\u00edgido do visitante e que permitem o registo de informa\u00e7\u00f5es sobre...","_links":{"self":[{"href":"https:\/\/www.toilettagechienschats.com\/pt-br\/wp-json\/wp\/v2\/pages\/3768","targetHints":{"allow":["GET"]}}],"collection":[{"href":"https:\/\/www.toilettagechienschats.com\/pt-br\/wp-json\/wp\/v2\/pages"}],"about":[{"href":"https:\/\/www.toilettagechienschats.com\/pt-br\/wp-json\/wp\/v2\/types\/page"}],"author":[{"embeddable":true,"href":"https:\/\/www.toilettagechienschats.com\/pt-br\/wp-json\/wp\/v2\/users\/1"}],"replies":[{"embeddable":true,"href":"https:\/\/www.toilettagechienschats.com\/pt-br\/wp-json\/wp\/v2\/comments?post=3768"}],"version-history":[{"count":0,"href":"https:\/\/www.toilettagechienschats.com\/pt-br\/wp-json\/wp\/v2\/pages\/3768\/revisions"}],"wp:attachment":[{"href":"https:\/\/www.toilettagechienschats.com\/pt-br\/wp-json\/wp\/v2\/media?parent=3768"}],"curies":[{"name":"wp","href":"https:\/\/api.w.org\/{rel}","templated":true}]}}