{"id":3817,"date":"2022-05-03T10:34:38","date_gmt":"2022-05-03T08:34:38","guid":{"rendered":"https:\/\/www.toilettagechienschats.com\/pielegnacja-psow-wedlug-ras\/"},"modified":"2022-05-03T10:34:38","modified_gmt":"2022-05-03T08:34:38","slug":"pielegnacja-psow-wedlug-ras","status":"publish","type":"page","link":"https:\/\/www.toilettagechienschats.com\/pl\/pielegnacja-psow-wedlug-ras\/","title":{"rendered":"Piel\u0119gnacja ps\u00f3w wed\u0142ug ras"},"content":{"rendered":"<div class=\"su-custom-gallery su-custom-gallery-align-left su-custom-gallery-title-hover\"><div class=\"su-custom-gallery-slide\" style=\"width:310px;height:310px\"><a href=\"https:\/\/www.toilettagechienschats.com\/pl\/pielegnacja-coton-de-tulear-jak-pielegnowac-coton-de-tulear\/\" title=\"Piel\u0119gnacja Coton de Tulear : Jak piel\u0119gnowa\u0107 Coton de Tulear ?\"><img loading=\"lazy\" decoding=\"async\" src=\"https:\/\/www.toilettagechienschats.com\/wp-content\/uploads\/2022\/05\/Toilettage-Coton-de-Tulear-3-310x310.jpg\" alt=\"Piel\u0119gnacja Coton de Tulear : Jak piel\u0119gnowa\u0107 Coton de Tulear ?\" width=\"310\" height=\"310\" title=\"\"><span class=\"su-custom-gallery-title\">Piel\u0119gnacja Coton de Tulear : Jak piel\u0119gnowa\u0107 Coton de Tulear ?<\/span><\/a><\/div><div class=\"su-custom-gallery-slide\" style=\"width:310px;height:310px\"><a href=\"https:\/\/www.toilettagechienschats.com\/pl\/pielegnacja-cairn-terrierow-jak-pielegnowac-cairn-terriera\/\" title=\"Piel\u0119gnacja Cairn Terrier\u00f3w: Jak piel\u0119gnowa\u0107 Cairn Terriera?\"><img loading=\"lazy\" decoding=\"async\" src=\"https:\/\/www.toilettagechienschats.com\/wp-content\/uploads\/2022\/05\/Toilettage-Cairn-Terrier-3-310x310.jpg\" alt=\"Piel\u0119gnacja Cairn Terrier\u00f3w: Jak piel\u0119gnowa\u0107 Cairn Terriera?\" width=\"310\" height=\"310\" title=\"\"><span class=\"su-custom-gallery-title\">Piel\u0119gnacja Cairn Terrier\u00f3w: Jak piel\u0119gnowa\u0107 Cairn Terriera?<\/span><\/a><\/div><div class=\"su-custom-gallery-slide\" style=\"width:310px;height:310px\"><a href=\"https:\/\/www.toilettagechienschats.com\/pl\/yorkshire-grooming-jak-pielegnowac-yorka\/\" title=\"Yorkshire grooming: jak piel\u0119gnowa\u0107 Yorka?\"><img loading=\"lazy\" decoding=\"async\" src=\"https:\/\/www.toilettagechienschats.com\/wp-content\/uploads\/2022\/05\/Toilettage-Yorkshire-2-310x310.jpg\" alt=\"Yorkshire grooming: jak piel\u0119gnowa\u0107 Yorka?\" width=\"310\" height=\"310\" title=\"\"><span class=\"su-custom-gallery-title\">Yorkshire grooming: jak piel\u0119gnowa\u0107 Yorka?<\/span><\/a><\/div><div class=\"su-custom-gallery-slide\" style=\"width:310px;height:310px\"><a href=\"https:\/\/www.toilettagechienschats.com\/pl\/owczarek-australijski-grooming-jak-pielegnowac-owczarka-australijskiego\/\" title=\"Owczarek australijski grooming : Jak piel\u0119gnowa\u0107 owczarka australijskiego ?\"><img loading=\"lazy\" decoding=\"async\" src=\"https:\/\/www.toilettagechienschats.com\/wp-content\/uploads\/2022\/05\/berger-australien-banniere-toilettage-310x310.png\" alt=\"Owczarek australijski grooming : Jak piel\u0119gnowa\u0107 owczarka australijskiego ?\" width=\"310\" height=\"310\" title=\"\"><span class=\"su-custom-gallery-title\">Owczarek australijski grooming : Jak piel\u0119gnowa\u0107 owczarka australijskiego ?<\/span><\/a><\/div><div class=\"su-custom-gallery-slide\" style=\"width:310px;height:310px\"><a href=\"https:\/\/www.toilettagechienschats.com\/pl\/grooming-german-shepherds-jak-pielegnowac-owczarka-niemieckiego\/\" title=\"Grooming German Shepherds: Jak piel\u0119gnowa\u0107 owczarka niemieckiego?\"><img loading=\"lazy\" decoding=\"async\" src=\"https:\/\/www.toilettagechienschats.com\/wp-content\/uploads\/2022\/05\/Berger-Allemand-image-310x310.png\" alt=\"Grooming German Shepherds: Jak piel\u0119gnowa\u0107 owczarka niemieckiego?\" width=\"310\" height=\"310\" title=\"\"><span class=\"su-custom-gallery-title\">Grooming German Shepherds: Jak piel\u0119gnowa\u0107 owczarka niemieckiego?<\/span><\/a><\/div><div class=\"su-custom-gallery-slide\" style=\"width:310px;height:310px\"><a href=\"https:\/\/www.toilettagechienschats.com\/pl\/pielegnacja-beagle-jak-pielegnowac-beaglea\/\" title=\"Piel\u0119gnacja Beagle: Jak piel\u0119gnowa\u0107 Beagle&#8217;a?\"><img loading=\"lazy\" decoding=\"async\" src=\"https:\/\/www.toilettagechienschats.com\/wp-content\/uploads\/2022\/04\/Sans-titre-4-1-310x310.jpg\" alt=\"Piel\u0119gnacja Beagle: Jak piel\u0119gnowa\u0107 Beagle&#8217;a?\" width=\"310\" height=\"310\" title=\"\"><span class=\"su-custom-gallery-title\">Piel\u0119gnacja Beagle: Jak piel\u0119gnowa\u0107 Beagle&#8217;a?<\/span><\/a><\/div><div class=\"su-custom-gallery-slide\" style=\"width:310px;height:310px\"><a href=\"https:\/\/www.toilettagechienschats.com\/pl\/english-cocker-spaniel-grooming-jak-pielegnowac-angielskiego-cocker-spaniela\/\" title=\"English Cocker Spaniel grooming : Jak piel\u0119gnowa\u0107 angielskiego Cocker Spaniela ?\"><img loading=\"lazy\" decoding=\"async\" src=\"https:\/\/www.toilettagechienschats.com\/wp-content\/uploads\/2022\/04\/Cocker-anglais-banniere-310x310.png\" alt=\"English Cocker Spaniel grooming : Jak piel\u0119gnowa\u0107 angielskiego Cocker Spaniela ?\" width=\"310\" height=\"310\" title=\"\"><span class=\"su-custom-gallery-title\">English Cocker Spaniel grooming : Jak piel\u0119gnowa\u0107 angielskiego Cocker Spaniela ?<\/span><\/a><\/div><div class=\"su-custom-gallery-slide\" style=\"width:310px;height:310px\"><a href=\"https:\/\/www.toilettagechienschats.com\/pl\/grooming-chihuahua-jak-pielegnowac-chihuahua\/\" title=\"Grooming Chihuahua : Jak piel\u0119gnowa\u0107 Chihuahua ?\"><img loading=\"lazy\" decoding=\"async\" src=\"https:\/\/www.toilettagechienschats.com\/wp-content\/uploads\/2022\/04\/Sans-titre-8-310x310.jpg\" alt=\"Grooming Chihuahua : Jak piel\u0119gnowa\u0107 Chihuahua ?\" width=\"310\" height=\"310\" title=\"\"><span class=\"su-custom-gallery-title\">Grooming Chihuahua : Jak piel\u0119gnowa\u0107 Chihuahua ?<\/span><\/a><\/div><div class=\"su-custom-gallery-slide\" style=\"width:310px;height:310px\"><a href=\"https:\/\/www.toilettagechienschats.com\/pl\/pielegnacja-cane-corso-jak-pielegnowac-cane-corso\/\" title=\"Piel\u0119gnacja cane corso: Jak piel\u0119gnowa\u0107 cane corso?\"><img loading=\"lazy\" decoding=\"async\" src=\"https:\/\/www.toilettagechienschats.com\/wp-content\/uploads\/2022\/04\/Sans-titre-3-310x310.jpg\" alt=\"Piel\u0119gnacja cane corso: Jak piel\u0119gnowa\u0107 cane corso?\" width=\"310\" height=\"310\" title=\"\"><span class=\"su-custom-gallery-title\">Piel\u0119gnacja cane corso: Jak piel\u0119gnowa\u0107 cane corso?<\/span><\/a><\/div><div class=\"su-custom-gallery-slide\" style=\"width:310px;height:310px\"><a href=\"https:\/\/www.toilettagechienschats.com\/pl\/pielegnacja-szpica-jak-pielegnowac-szpica\/\" title=\"Piel\u0119gnacja szpica : Jak piel\u0119gnowa\u0107 szpica?\"><img loading=\"lazy\" decoding=\"async\" src=\"https:\/\/www.toilettagechienschats.com\/wp-content\/uploads\/2022\/04\/banniere-toilettage-spitz-310x310.png\" alt=\"Piel\u0119gnacja szpica : Jak piel\u0119gnowa\u0107 szpica?\" width=\"310\" height=\"310\" title=\"\"><span class=\"su-custom-gallery-title\">Piel\u0119gnacja szpica : Jak piel\u0119gnowa\u0107 szpica?<\/span><\/a><\/div><div class=\"su-custom-gallery-slide\" style=\"width:310px;height:310px\"><a href=\"https:\/\/www.toilettagechienschats.com\/pl\/pielegnacja-cavalier-king-charles-jak-pielegnowac-cavalier-king-charles\/\" title=\"Piel\u0119gnacja Cavalier King Charles : Jak piel\u0119gnowa\u0107 Cavalier King Charles ?\"><img loading=\"lazy\" decoding=\"async\" src=\"https:\/\/www.toilettagechienschats.com\/wp-content\/uploads\/2022\/04\/Toilettage-Cavalier-King-Charles-5-310x310.jpg\" alt=\"Piel\u0119gnacja Cavalier King Charles : Jak piel\u0119gnowa\u0107 Cavalier King Charles ?\" width=\"310\" height=\"310\" title=\"\"><span class=\"su-custom-gallery-title\">Piel\u0119gnacja Cavalier King Charles : Jak piel\u0119gnowa\u0107 Cavalier King Charles ?<\/span><\/a><\/div><div class=\"su-custom-gallery-slide\" style=\"width:310px;height:310px\"><a href=\"https:\/\/www.toilettagechienschats.com\/pl\/grooming-shih-tzu-jak-pielegnowac-shih-tzu\/\" title=\"Grooming Shih Tzu : Jak piel\u0119gnowa\u0107 Shih Tzu ?\"><img loading=\"lazy\" decoding=\"async\" src=\"https:\/\/www.toilettagechienschats.com\/wp-content\/uploads\/2022\/04\/Toilettage-Shih-Tzu-3-310x310.jpg\" alt=\"Grooming Shih Tzu : Jak piel\u0119gnowa\u0107 Shih Tzu ?\" width=\"310\" height=\"310\" title=\"\"><span class=\"su-custom-gallery-title\">Grooming Shih Tzu : Jak piel\u0119gnowa\u0107 Shih Tzu ?<\/span><\/a><\/div><div class=\"su-custom-gallery-slide\" style=\"width:310px;height:310px\"><a href=\"https:\/\/www.toilettagechienschats.com\/pl\/pielegnacja-setera-jak-pielegnowac-setera-2\/\" title=\"Piel\u0119gnacja Setera : Jak piel\u0119gnowa\u0107 Setera ?\"><img loading=\"lazy\" decoding=\"async\" src=\"https:\/\/www.toilettagechienschats.com\/wp-content\/uploads\/2022\/04\/Toilettage-Setter--310x310.jpg\" alt=\"Piel\u0119gnacja Setera : Jak piel\u0119gnowa\u0107 Setera ?\" width=\"310\" height=\"310\" title=\"\"><span class=\"su-custom-gallery-title\">Piel\u0119gnacja Setera : Jak piel\u0119gnowa\u0107 Setera ?<\/span><\/a><\/div><div class=\"su-custom-gallery-slide\" style=\"width:310px;height:310px\"><a href=\"https:\/\/www.toilettagechienschats.com\/pl\/labrador-grooming-jak-pielegnowac-labradora\/\" title=\"Labrador grooming : Jak piel\u0119gnowa\u0107 Labradora ?\"><img loading=\"lazy\" decoding=\"async\" src=\"https:\/\/www.toilettagechienschats.com\/wp-content\/uploads\/2022\/04\/Banniere-Labrador-toilettage-310x310.png\" alt=\"Labrador grooming : Jak piel\u0119gnowa\u0107 Labradora ?\" width=\"310\" height=\"310\" title=\"\"><span class=\"su-custom-gallery-title\">Labrador grooming : Jak piel\u0119gnowa\u0107 Labradora ?<\/span><\/a><\/div><div class=\"su-custom-gallery-slide\" style=\"width:310px;height:310px\"><a href=\"https:\/\/www.toilettagechienschats.com\/pl\/pielegnacja-maltanczyka-jak-pielegnowac-maltanczyka\/\" title=\"Piel\u0119gnacja malta\u0144czyka : Jak piel\u0119gnowa\u0107 malta\u0144czyka ?\"><img loading=\"lazy\" decoding=\"async\" src=\"https:\/\/www.toilettagechienschats.com\/wp-content\/uploads\/2022\/04\/toilettage-bichon-maltais-1-310x310.jpg\" alt=\"Piel\u0119gnacja malta\u0144czyka : Jak piel\u0119gnowa\u0107 malta\u0144czyka ?\" width=\"310\" height=\"310\" title=\"\"><span class=\"su-custom-gallery-title\">Piel\u0119gnacja malta\u0144czyka : Jak piel\u0119gnowa\u0107 malta\u0144czyka ?<\/span><\/a><\/div><div class=\"su-custom-gallery-slide\" style=\"width:310px;height:310px\"><a href=\"https:\/\/www.toilettagechienschats.com\/pl\/pielegnacja-golden-retrievera-jak-pielegnowac-golden-retrievera\/\" title=\"Piel\u0119gnacja Golden Retrievera: Jak piel\u0119gnowa\u0107 Golden Retrievera?\"><img loading=\"lazy\" decoding=\"async\" src=\"https:\/\/www.toilettagechienschats.com\/wp-content\/uploads\/2022\/03\/Golden-Retriever-banniere-310x310.png\" alt=\"Piel\u0119gnacja Golden Retrievera: Jak piel\u0119gnowa\u0107 Golden Retrievera?\" width=\"310\" height=\"310\" title=\"\"><span class=\"su-custom-gallery-title\">Piel\u0119gnacja Golden Retrievera: Jak piel\u0119gnowa\u0107 Golden Retrievera?<\/span><\/a><\/div><div class=\"su-custom-gallery-slide\" style=\"width:310px;height:310px\"><a href=\"https:\/\/www.toilettagechienschats.com\/pl\/staffie-grooming-jak-pielegnowac-staffie\/\" title=\"Staffie grooming : Jak piel\u0119gnowa\u0107 Staffie?\"><img loading=\"lazy\" decoding=\"async\" src=\"https:\/\/www.toilettagechienschats.com\/wp-content\/uploads\/2022\/03\/Toilettage-Staffie-310x310.png\" alt=\"Staffie grooming : Jak piel\u0119gnowa\u0107 Staffie?\" width=\"310\" height=\"310\" title=\"\"><span class=\"su-custom-gallery-title\">Staffie grooming : Jak piel\u0119gnowa\u0107 Staffie?<\/span><\/a><\/div><div class=\"su-custom-gallery-slide\" style=\"width:310px;height:310px\"><a href=\"https:\/\/www.toilettagechienschats.com\/pl\/pielegnacja-buldoga-francuskiego-jak-pielegnowac-buldoga-francuskiego\/\" title=\"Piel\u0119gnacja Buldoga Francuskiego : Jak piel\u0119gnowa\u0107 Buldoga Francuskiego ?\"><img loading=\"lazy\" decoding=\"async\" src=\"https:\/\/www.toilettagechienschats.com\/wp-content\/uploads\/2022\/03\/french-bulldog-4242163_960_720-310x310.jpg\" alt=\"Piel\u0119gnacja Buldoga Francuskiego : Jak piel\u0119gnowa\u0107 Buldoga Francuskiego ?\" width=\"310\" height=\"310\" title=\"\"><span class=\"su-custom-gallery-title\">Piel\u0119gnacja Buldoga Francuskiego : Jak piel\u0119gnowa\u0107 Buldoga Francuskiego ?<\/span><\/a><\/div><div class=\"su-custom-gallery-slide\" style=\"width:310px;height:310px\"><a href=\"https:\/\/www.toilettagechienschats.com\/pl\/pielegnacja-owczarka-belgijskiego-jak-pielegnowac-owczarka-belgijskiego\/\" title=\"Piel\u0119gnacja owczarka belgijskiego : Jak piel\u0119gnowa\u0107 owczarka belgijskiego ?\"><img loading=\"lazy\" decoding=\"async\" src=\"https:\/\/www.toilettagechienschats.com\/wp-content\/uploads\/2022\/03\/Baniere-Berger-Belge-1-310x310.png\" alt=\"Piel\u0119gnacja owczarka belgijskiego : Jak piel\u0119gnowa\u0107 owczarka belgijskiego ?\" width=\"310\" height=\"310\" title=\"\"><span class=\"su-custom-gallery-title\">Piel\u0119gnacja owczarka belgijskiego : Jak piel\u0119gnowa\u0107 owczarka belgijskiego ?<\/span><\/a><\/div><div class=\"su-custom-gallery-slide\" style=\"width:310px;height:310px\"><a href=\"https:\/\/www.toilettagechienschats.com\/pl\/grooming-american-staff-jak-pielegnowac-amerykanskiego-staffa\/\" title=\"Grooming American Staff : Jak piel\u0119gnowa\u0107 ameryka\u0144skiego Staffa ?\"><img loading=\"lazy\" decoding=\"async\" src=\"https:\/\/www.toilettagechienschats.com\/wp-content\/uploads\/2022\/03\/Baniere-Amrican-Staff-310x310.png\" alt=\"Grooming American Staff : Jak piel\u0119gnowa\u0107 ameryka\u0144skiego Staffa ?\" width=\"310\" height=\"310\" title=\"\"><span class=\"su-custom-gallery-title\">Grooming American Staff : Jak piel\u0119gnowa\u0107 ameryka\u0144skiego Staffa ?<\/span><\/a><\/div><div class=\"su-clear\"><\/div><\/div>\n","protected":false},"excerpt":{"rendered":"","protected":false},"author":1,"featured_media":0,"parent":0,"menu_order":0,"comment_status":"closed","ping_status":"closed","template":"","meta":{"_uag_custom_page_level_css":"","footnotes":""},"class_list":["post-3817","page","type-page","status-publish","hentry"],"uagb_featured_image_src":{"full":false,"thumbnail":false,"medium":false,"medium_large":false,"large":false,"1536x1536":false,"2048x2048":false,"gucherry-blog-thumbnail-one":false,"gucherry-blog-thumbnail-two":false},"uagb_author_info":{"display_name":"Expert Toilettage","author_link":"https:\/\/www.toilettagechienschats.com\/pl\/author\/aurore-toile\/"},"uagb_comment_info":0,"uagb_excerpt":null,"_links":{"self":[{"href":"https:\/\/www.toilettagechienschats.com\/pl\/wp-json\/wp\/v2\/pages\/3817","targetHints":{"allow":["GET"]}}],"collection":[{"href":"https:\/\/www.toilettagechienschats.com\/pl\/wp-json\/wp\/v2\/pages"}],"about":[{"href":"https:\/\/www.toilettagechienschats.com\/pl\/wp-json\/wp\/v2\/types\/page"}],"author":[{"embeddable":true,"href":"https:\/\/www.toilettagechienschats.com\/pl\/wp-json\/wp\/v2\/users\/1"}],"replies":[{"embeddable":true,"href":"https:\/\/www.toilettagechienschats.com\/pl\/wp-json\/wp\/v2\/comments?post=3817"}],"version-history":[{"count":0,"href":"https:\/\/www.toilettagechienschats.com\/pl\/wp-json\/wp\/v2\/pages\/3817\/revisions"}],"wp:attachment":[{"href":"https:\/\/www.toilettagechienschats.com\/pl\/wp-json\/wp\/v2\/media?parent=3817"}],"curies":[{"name":"wp","href":"https:\/\/api.w.org\/{rel}","templated":true}]}}