{"id":3769,"date":"2019-08-06T13:15:44","date_gmt":"2019-08-06T11:15:44","guid":{"rendered":"https:\/\/www.toilettagechienschats.com\/ustawianie-ciasteczek\/"},"modified":"2019-08-06T13:15:44","modified_gmt":"2019-08-06T11:15:44","slug":"ustawianie-ciasteczek","status":"publish","type":"page","link":"https:\/\/www.toilettagechienschats.com\/pl\/ustawianie-ciasteczek\/","title":{"rendered":"Ustawianie ciasteczek"},"content":{"rendered":"<div class=\"content-wrapper clearfix\">\n<div id=\"content\" class=\"wrapper site-content\">\n<div id=\"primary\" class=\"content-area\"><main id=\"main\" class=\"site-main\"><\/p>\n<article id=\"post-969\" class=\"blog-no-image post-969 page type-page status-publish hentry\">\n<header class=\"entry-header\">\n<h1 class=\"entry-title\"><span style=\"font-size: 1rem; font-weight: normal;\">Ta strona u\u017cywa Google Analytics, przycisk\u00f3w udost\u0119pniania post\u00f3w, a wi\u0119c plik\u00f3w cookies.<\/span><\/h1>\n<\/header>\n<div class=\"entry-content clearfix\">\n<h2>Co to s\u0105 ciasteczka?<\/h2>\n<p>S\u0105 to niewielkie pliki, kt\u00f3re u\u017cywana przegl\u0105darka przechowuje lokalnie na dysku twardym odwiedzaj\u0105cego i kt\u00f3re pozwalaj\u0105 na zapisywanie informacji o jego wizytach w sieci. S\u0105 one ca\u0142kowicie nieszkodliwe i bezpieczne dla Twojej przegl\u0105darki.<\/p>\n<p>Pliki cookie u\u0142atwiaj\u0105 nawigacj\u0119 w witrynie i pozwalaj\u0105 nam spersonalizowa\u0107 tre\u015bci i reklamy, zapewni\u0107 funkcje medi\u00f3w spo\u0142eczno\u015bciowych i analizowa\u0107 nasz ruch. Udost\u0119pniamy r\u00f3wnie\u017c informacje o korzystaniu z naszej strony naszym partnerom z bran\u017cy medi\u00f3w spo\u0142eczno\u015bciowych, reklamy i analizy, kt\u00f3rzy mog\u0105 \u0142\u0105czy\u0107 je z innymi informacjami, kt\u00f3re im przekaza\u0142e\u015b lub kt\u00f3re zebrali dzi\u0119ki korzystaniu przez Ciebie z ich us\u0142ug.<\/p>\n<p>Przepisy europejskie wymagaj\u0105 od wszystkich w\u0142a\u015bcicieli stron internetowych i blog\u00f3w uzyskania zgody od odwiedzaj\u0105cych i zaoferowania im sposobu wy\u0142\u0105czenia plik\u00f3w cookie, je\u015bli sobie tego \u017cycz\u0105.<\/p>\n<p>Je\u015bli nie jeste\u015b przeciwnikiem cookies, mo\u017cesz dalej odwiedza\u0107 bloga bez zmiany swoich przyzwyczaje\u0144.<br \/>\nJe\u015bli pliki cookies Ci przeszkadzaj\u0105, mo\u017cesz je wy\u0142\u0105czy\u0107 w swojej przegl\u0105darce.<\/p>\n<h2>Wy\u0142\u0105czenie plik\u00f3w cookie<\/h2>\n<h3>Z programu Internet Explorer :<\/h3>\n<p>&#8211; W programie Internet Explorer kliknij przycisk Narz\u0119dzia, a nast\u0119pnie Opcje internetowe.<br \/>\n&#8211; Na karcie Og\u00f3lne, w obszarze Historia przegl\u0105dania, kliknij Ustawienia.<br \/>\n&#8211; Kliknij przycisk View Files.<br \/>\n&#8211; Kliknij nag\u0142\u00f3wek kolumny Nazwa, aby posortowa\u0107 wszystkie pliki alfabetycznie, a nast\u0119pnie przewi\u0144 list\u0119 w d\u00f3\u0142, a\u017c zobaczysz pliki zaczynaj\u0105ce si\u0119 od przedrostka Cookie. (wszystkie pliki cookie maj\u0105 ten prefiks i zazwyczaj zawieraj\u0105 nazw\u0119 strony internetowej, kt\u00f3ra je utworzy\u0142a).<br \/>\n&#8211; Wybierz i usu\u0144 je<br \/>\n&#8211; Zamknij okno zawieraj\u0105ce list\u0119 plik\u00f3w, a nast\u0119pnie kliknij dwukrotnie przycisk OK, aby powr\u00f3ci\u0107 do programu Internet Explorer.<\/p>\n<h3>Z Mozilli Firefox :<\/h3>\n<p>&#8211; Przejd\u017a do zak\u0142adki Narz\u0119dzia w przegl\u0105darce i wybierz menu Opcje.<br \/>\n&#8211; W oknie, kt\u00f3re si\u0119 pojawi, wybierz Prywatno\u015b\u0107 i kliknij Poka\u017c pliki cookie.<br \/>\n&#8211; Wybierz i usu\u0144 je.<\/p>\n<h3>Z Safari:<\/h3>\n<p>&#8211; W przegl\u0105darce wybierz menu Edycja &gt; Preferencje.<br \/>\n&#8211; Kliknij na Bezpiecze\u0144stwo.<br \/>\n&#8211; Kliknij na Poka\u017c pliki cookie.<br \/>\n&#8211; Wybierz i usu\u0144 je.<br \/>\n&#8211; Po usuni\u0119ciu kliknij przycisk Done.<\/p>\n<h3>Z Google Chrome :<\/h3>\n<p>&#8211; Kliknij na ikon\u0119 menu Narz\u0119dzia.<br \/>\n&#8211; Wybierz Opcje.<br \/>\n&#8211; Kliknij kart\u0119 Opcje zaawansowane i przejd\u017a do sekcji Prywatno\u015b\u0107.<br \/>\n&#8211; Kliknij przycisk Poka\u017c pliki cookie.<br \/>\n&#8211; Wybierz i usu\u0144 je.<br \/>\n&#8211; Kliknij przycisk Zamknij, aby powr\u00f3ci\u0107 do przegl\u0105darki.<\/p>\n<p>W przypadku ka\u017cdej innej przegl\u0105darki internetowej wystarczy zapozna\u0107 si\u0119 z sekcj\u0105 pomocy w\u0142a\u015bciw\u0105 dla danej przegl\u0105darki.<\/p>\n<\/div>\n<\/article>\n<p><\/main><\/div>\n<\/div>\n<\/div>\n","protected":false},"excerpt":{"rendered":"<p>Ta strona u\u017cywa Google Analytics, przycisk\u00f3w udost\u0119pniania post\u00f3w, a wi\u0119c plik\u00f3w cookies. Co to s\u0105 ciasteczka? S\u0105 to niewielkie pliki, kt\u00f3re u\u017cywana przegl\u0105darka przechowuje lokalnie na dysku twardym odwiedzaj\u0105cego i kt\u00f3re pozwalaj\u0105 na zapisywanie informacji o jego wizytach w sieci&#8230;.<\/p>\n","protected":false},"author":1,"featured_media":0,"parent":0,"menu_order":0,"comment_status":"closed","ping_status":"closed","template":"","meta":{"_uag_custom_page_level_css":"","footnotes":""},"class_list":["post-3769","page","type-page","status-publish","hentry"],"uagb_featured_image_src":{"full":false,"thumbnail":false,"medium":false,"medium_large":false,"large":false,"1536x1536":false,"2048x2048":false,"gucherry-blog-thumbnail-one":false,"gucherry-blog-thumbnail-two":false},"uagb_author_info":{"display_name":"Expert Toilettage","author_link":"https:\/\/www.toilettagechienschats.com\/pl\/author\/aurore-toile\/"},"uagb_comment_info":0,"uagb_excerpt":"Ta strona u\u017cywa Google Analytics, przycisk\u00f3w udost\u0119pniania post\u00f3w, a wi\u0119c plik\u00f3w cookies. Co to s\u0105 ciasteczka? S\u0105 to niewielkie pliki, kt\u00f3re u\u017cywana przegl\u0105darka przechowuje lokalnie na dysku twardym odwiedzaj\u0105cego i kt\u00f3re pozwalaj\u0105 na zapisywanie informacji o jego wizytach w sieci....","_links":{"self":[{"href":"https:\/\/www.toilettagechienschats.com\/pl\/wp-json\/wp\/v2\/pages\/3769","targetHints":{"allow":["GET"]}}],"collection":[{"href":"https:\/\/www.toilettagechienschats.com\/pl\/wp-json\/wp\/v2\/pages"}],"about":[{"href":"https:\/\/www.toilettagechienschats.com\/pl\/wp-json\/wp\/v2\/types\/page"}],"author":[{"embeddable":true,"href":"https:\/\/www.toilettagechienschats.com\/pl\/wp-json\/wp\/v2\/users\/1"}],"replies":[{"embeddable":true,"href":"https:\/\/www.toilettagechienschats.com\/pl\/wp-json\/wp\/v2\/comments?post=3769"}],"version-history":[{"count":0,"href":"https:\/\/www.toilettagechienschats.com\/pl\/wp-json\/wp\/v2\/pages\/3769\/revisions"}],"wp:attachment":[{"href":"https:\/\/www.toilettagechienschats.com\/pl\/wp-json\/wp\/v2\/media?parent=3769"}],"curies":[{"name":"wp","href":"https:\/\/api.w.org\/{rel}","templated":true}]}}