{"id":3766,"date":"2019-08-06T13:14:32","date_gmt":"2019-08-06T11:14:32","guid":{"rendered":"https:\/\/www.toilettagechienschats.com\/informacje-prawne\/"},"modified":"2019-08-06T13:14:32","modified_gmt":"2019-08-06T11:14:32","slug":"informacje-prawne","status":"publish","type":"page","link":"https:\/\/www.toilettagechienschats.com\/pl\/informacje-prawne\/","title":{"rendered":"Informacje prawne"},"content":{"rendered":"<header class=\"entry-header\">\n<h2 class=\"entry-title\"><span style=\"font-size: 2em;\">Informacje prawne<\/span><\/h2>\n<\/header>\n<div class=\"entry-content clearfix\">\n<p>&nbsp;<\/p>\n<h3>1. Prezentacja strony.<\/h3>\n<p>Zgodnie z art. 6 ustawy nr 2004-575 z dnia 21 czerwca 2004 r. o zaufaniu w gospodarce cyfrowej, u\u017cytkownicy strony <a title=\"Rose Belle - http:\/\/www.toilettagechienschats.com\" href=\"https:\/\/web.archive.org\/web\/20181225000039\/http:\/\/http\/\/www.toilettagechienschats.com\/\">http:\/\/www.toilettagechienschats.com<\/a> s\u0105 informowani o to\u017csamo\u015bci r\u00f3\u017cnych podmiot\u00f3w zaanga\u017cowanych w jej tworzenie i monitorowanie:<\/p>\n<p>W\u0142a\u015bciciel i kierownik publikacji: Aurore Belle &#8211; les coteaux de roche, 42230 Roche-la-Moli\u00e8re<\/p>\n<p>Tw\u00f3rca i Webmaster: <a href=\"https:\/\/web.archive.org\/web\/20181225000039\/http:\/\/www.toilettagechienschats.com\/\">Rose<\/a> &#8211; support@toilettagechienschats.com<\/p>\n<p>Osob\u0105 odpowiedzialn\u0105 za publikacj\u0119 jest osoba fizyczna lub prawna.<\/p>\n<p>Kredyty: noty prawne zosta\u0142y wygenerowane i zaoferowane przez <a title=\"Agencja internetowa Angoul\u00eame\" href=\"https:\/\/web.archive.org\/web\/20181225000039\/http:\/\/www.subdelirium.com\/\" target=\"_blank\" rel=\"noopener\">SubDelirium Agence Communication Angoul\u00eame<\/a><\/p>\n<p>Host: Hostgator &#8211; 11251 Northwest Freeway, Suite 400 Houston, TX 77092, USA<\/p>\n<p>&nbsp;<\/p>\n<h3>2. Og\u00f3lne warunki korzystania z serwisu i oferowanych us\u0142ug.<\/h3>\n<p>Korzystanie ze strony internetowej <a title=\"Rose Belle - http:\/\/www.toilettagechienschats.com\" href=\"https:\/\/web.archive.org\/web\/20181225000039\/http:\/\/http\/\/www.toilettagechienschats.com\/\">http:\/\/www.toilettagechienschats.com<\/a> oznacza pe\u0142n\u0105 akceptacj\u0119 og\u00f3lnych warunk\u00f3w u\u017cytkowania opisanych poni\u017cej. Niniejsze warunki u\u017cytkowania mog\u0105 by\u0107 w ka\u017cdej chwili zmienione lub uzupe\u0142nione. U\u017cytkownicy strony internetowej <a title=\"Rose Belle - http:\/\/www.toilettagechienschats.com\" href=\"https:\/\/web.archive.org\/web\/20181225000039\/http:\/\/http\/\/www.toilettagechienschats.com\/\">http:\/\/www.toilettagechienschats.com<\/a> s\u0105 zatem proszeni o regularne zapoznawanie si\u0119 z nimi.<\/p>\n<p>Ta strona jest normalnie dost\u0119pna dla u\u017cytkownik\u00f3w przez ca\u0142y czas. Jednak\u017ce <a title=\"Rose Belle - http:\/\/www.toilettagechienschats.com\" href=\"https:\/\/web.archive.org\/web\/20181225000039\/http:\/\/http\/\/www.toilettagechienschats.com\/\">http:\/\/www.toilettagechienschats.com<\/a> mo\u017ce zdecydowa\u0107 o przerwaniu dzia\u0142ania strony internetowej w celu przeprowadzenia konserwacji technicznej. W takim przypadku http:\/\/www.toilettagechienschats.com postara si\u0119 wcze\u015bniej poinformowa\u0107 u\u017cytkownik\u00f3w o datach i godzinach interwencji.<\/p>\n<p>Strona internetowa <a title=\"Rose Belle - http:\/\/www.toilettagechienschats.com\" href=\"https:\/\/web.archive.org\/web\/20181225000039\/http:\/\/http\/\/www.toilettagechienschats.com\/\">http:\/\/www.toilettagechienschats.com<\/a> jest regularnie aktualizowana przez webmastera. W ten sam spos\u00f3b uwagi prawne mog\u0105 by\u0107 w ka\u017cdej chwili modyfikowane: s\u0105 one jednak wi\u0105\u017c\u0105ce dla u\u017cytkownika, kt\u00f3ry jest proszony o jak najcz\u0119stsze zapoznawanie si\u0119 z nimi w celu ich uwzgl\u0119dnienia.<\/p>\n<p>&nbsp;<\/p>\n<h3>3. Opis \u015bwiadczonych us\u0142ug.<\/h3>\n<p>Celem strony internetowej <a title=\"Rose Belle - http:\/\/www.toilettagechienschats.com\" href=\"https:\/\/web.archive.org\/web\/20181225000039\/http:\/\/http\/\/www.toilettagechienschats.com\/\">http:\/\/www.toilettagechienschats.com<\/a> jest dostarczenie informacji o wszystkich dzia\u0142aniach firmy.<\/p>\n<p>Webmaster dok\u0142ada wszelkich stara\u0144, aby informacje zawarte na stronie <a title=\"Rose Belle - http:\/\/www.toilettagechienschats.com\" href=\"https:\/\/web.archive.org\/web\/20181225000039\/http:\/\/http\/\/www.toilettagechienschats.com\/\">http:\/\/www.toilettagechienschats.com<\/a> by\u0142y jak najbardziej dok\u0142adne. Nie mo\u017ce jednak ponosi\u0107 odpowiedzialno\u015bci za braki, nie\u015bcis\u0142o\u015bci i niedoci\u0105gni\u0119cia w aktualizacji, niezale\u017cnie od tego, czy wynikaj\u0105 one z jego winy, czy z winy partner\u00f3w zewn\u0119trznych, kt\u00f3rzy dostarczaj\u0105 mu te informacje.<\/p>\n<p>Wszystkie informacje zawarte na stronie internetowej <a title=\"Rose Belle - http:\/\/www.toilettagechienschats.com\" href=\"https:\/\/web.archive.org\/web\/20181225000039\/http:\/\/http\/\/www.toilettagechienschats.com\/\">http:\/\/www.toilettagechienschats.com<\/a> s\u0105 podane orientacyjnie i mog\u0105 ulec zmianie. Ponadto informacje zawarte na stronie internetowej <a title=\"Rose Belle - http:\/\/www.toilettagechienschats.com\" href=\"https:\/\/web.archive.org\/web\/20181225000039\/http:\/\/http\/\/www.toilettagechienschats.com\/\">http:\/\/www.toilettagechienschats.com<\/a> nie s\u0105 wyczerpuj\u0105ce. S\u0105 one podawane z zastrze\u017ceniem zmian dokonanych od momentu umieszczenia ich w Internecie.<\/p>\n<p>&nbsp;<\/p>\n<h3>4. Ograniczenia umowne dotycz\u0105ce danych technicznych.<\/h3>\n<p>Strona wykorzystuje technologi\u0119 JavaScript.<\/p>\n<p>Serwis nie ponosi odpowiedzialno\u015bci za ewentualne szkody materialne zwi\u0105zane z korzystaniem ze strony. Ponadto u\u017cytkownik strony zobowi\u0105zuje si\u0119 do korzystania z niej za pomoc\u0105 aktualnego, wolnego od wirus\u00f3w sprz\u0119tu z przegl\u0105dark\u0105 ostatniej generacji.<\/p>\n<p>&nbsp;<\/p>\n<h3>5. W\u0142asno\u015b\u0107 intelektualna i fa\u0142szerstwa.<\/h3>\n<p>W\u0142a\u015bciciel strony jest w\u0142a\u015bcicielem praw w\u0142asno\u015bci intelektualnej lub posiada prawa do korzystania ze wszystkich element\u00f3w dost\u0119pnych na stronie, w szczeg\u00f3lno\u015bci tekst\u00f3w, obraz\u00f3w, grafik, logotyp\u00f3w, ikon, d\u017awi\u0119k\u00f3w, oprogramowania.<\/p>\n<p>Jakakolwiek reprodukcja, reprezentacja, modyfikacja, publikacja, adaptacja wszystkich lub cz\u0119\u015bci element\u00f3w witryny, niezale\u017cnie od \u015brodk\u00f3w lub procesu, jest zabroniona, chyba \u017ce za uprzedni\u0105 pisemn\u0105 zgod\u0105 Webmastera.<\/p>\n<p>Ka\u017cde nieuprawnione wykorzystanie strony lub kt\u00f3regokolwiek z element\u00f3w na niej zawartych zostanie uznane za naruszenie i b\u0119dzie \u015bcigane zgodnie z przepisami artyku\u0142\u00f3w L.335-2 i nast\u0119pnych Kodeksu W\u0142asno\u015bci Intelektualnej.<\/p>\n<p>&nbsp;<\/p>\n<h3>6. Ograniczenia odpowiedzialno\u015bci.<\/h3>\n<p>Osoba odpowiedzialna za stron\u0119 &#8222;Toilettage Chiens Chats&#8221; nie mo\u017ce by\u0107 poci\u0105gni\u0119ta do odpowiedzialno\u015bci za bezpo\u015brednie i po\u015brednie szkody spowodowane materia\u0142em u\u017cytkownika, w momencie dost\u0119pu do strony, a wynikaj\u0105ce z u\u017cycia materia\u0142u nie odpowiadaj\u0105cego specyfikacji wskazanej w punkcie 4, lub pojawienia si\u0119 b\u0142\u0119du lub niezgodno\u015bci.<\/p>\n<p>Osoba odpowiedzialna za stron\u0119 internetow\u0105 &#8222;Toilettage Chiens Chats&#8221; nie ponosi odpowiedzialno\u015bci za jakiekolwiek po\u015brednie szkody (takie jak utrata rynku lub utrata mo\u017cliwo\u015bci) wynikaj\u0105ce z korzystania ze strony internetowej <a title=\"Rose Belle - http:\/\/www.toilettagechienschats.com\" href=\"https:\/\/web.archive.org\/web\/20181225000039\/http:\/\/http\/\/www.toilettagechienschats.com\/\">http:\/\/www.toilettagechienschats.com<\/a>.<\/p>\n<p>Do dyspozycji u\u017cytkownik\u00f3w s\u0105 obszary interaktywne (mo\u017cliwo\u015b\u0107 zadawania pyta\u0144 w strefie kontaktu). Administrator strony zastrzega sobie prawo do usuni\u0119cia, bez uprzedniego powiadomienia, wszelkich tre\u015bci zamieszczonych w tej przestrzeni, kt\u00f3re naruszaj\u0105 przepisy obowi\u0105zuj\u0105ce we Francji, w szczeg\u00f3lno\u015bci przepisy dotycz\u0105ce ochrony danych osobowych. Administrator zastrzega sobie r\u00f3wnie\u017c prawo do poci\u0105gni\u0119cia u\u017cytkownika do odpowiedzialno\u015bci cywilnej i\/lub karnej, w szczeg\u00f3lno\u015bci w przypadku wiadomo\u015bci o charakterze rasistowskim, obra\u017aliwym, znies\u0142awiaj\u0105cym lub pornograficznym, niezale\u017cnie od u\u017cytego medium (tekst, zdj\u0119cia, itp.).<\/p>\n<p>&nbsp;<\/p>\n<h3>7. Zarz\u0105dzanie danymi osobowymi.<\/h3>\n<p>We Francji dane osobowe s\u0105 chronione ustaw\u0105 nr 78-87 z 6 stycznia 1978 r., ustaw\u0105 nr 2004-801 z 6 sierpnia 2004 r., art. L. 226-13 kodeksu karnego oraz dyrektyw\u0105 europejsk\u0105 z 24 pa\u017adziernika 1995 r.<\/p>\n<p>Podczas korzystania z witryny <a title=\"Rose Belle - http:\/\/www.toilettagechienschats.com\" href=\"https:\/\/web.archive.org\/web\/20181225000039\/http:\/\/http\/\/www.toilettagechienschats.com\/\">http:\/\/www.toilettagechienschats.com<\/a> mog\u0105 by\u0107 zbierane nast\u0119puj\u0105ce informacje: adresy URL link\u00f3w <a title=\"Rose Belle - http:\/\/www.toilettagechienschats.com\" href=\"https:\/\/web.archive.org\/web\/20181225000039\/http:\/\/http\/\/www.toilettagechienschats.com\/\">,<\/a> poprzez kt\u00f3re u\u017cytkownik uzyska\u0142 dost\u0119p do witryny <a title=\"Rose Belle - http:\/\/www.toilettagechienschats.com\" href=\"https:\/\/web.archive.org\/web\/20181225000039\/http:\/\/http\/\/www.toilettagechienschats.com\/\">http:\/\/www.toilettagechienschats.com,<\/a> dostawca dost\u0119pu u\u017cytkownika, adres protoko\u0142u internetowego (IP) u\u017cytkownika.<\/p>\n<p>W ka\u017cdym przypadku strona internetowa &#8222;Toilettage Chiens Chats&#8221; zbiera dane osobowe dotycz\u0105ce u\u017cytkownika tylko na potrzeby okre\u015blonych us\u0142ug oferowanych przez stron\u0119 <a title=\"Rose Belle - http:\/\/www.toilettagechienschats.com\" href=\"https:\/\/web.archive.org\/web\/20181225000039\/http:\/\/http\/\/www.toilettagechienschats.com\/\">http:\/\/www.toilettagechienschats.com<\/a>. U\u017cytkownik podaje te informacje z pe\u0142n\u0105 \u015bwiadomo\u015bci\u0105, w szczeg\u00f3lno\u015bci gdy sam je wprowadza. U\u017cytkownik strony <a title=\"Rose Belle - http:\/\/www.toilettagechienschats.com\" href=\"https:\/\/web.archive.org\/web\/20181225000039\/http:\/\/http\/\/www.toilettagechienschats.com\/\">http:\/\/www.toilettagechienschats.com<\/a> jest w\u00f3wczas informowany, czy jest zobowi\u0105zany do podania tych informacji, czy te\u017c nie.<\/p>\n<p>Zgodnie z przepisami art. 38 i nast\u0119pnych ustawy 78-17 z dnia 6 stycznia 1978 r. dotycz\u0105cej przetwarzania danych, plik\u00f3w i wolno\u015bci, ka\u017cdy u\u017cytkownik ma prawo dost\u0119pu, sprostowania i sprzeciwu wobec danych osobowych, kt\u00f3re go dotycz\u0105, poprzez z\u0142o\u017cenie pisemnego i podpisanego wniosku, wraz z kopi\u0105 dowodu osobistego z podpisem posiadacza dokumentu, okre\u015blaj\u0105cego adres, na kt\u00f3ry nale\u017cy wys\u0142a\u0107 odpowied\u017a.<\/p>\n<p>\u017badne dane osobowe u\u017cytkownika strony <a title=\"Rose Belle - http:\/\/www.toilettagechienschats.com\" href=\"https:\/\/web.archive.org\/web\/20181225000039\/http:\/\/http\/\/www.toilettagechienschats.com\/\">http:\/\/www.toilettagechienschats.com<\/a> nie s\u0105 publikowane bez wiedzy u\u017cytkownika, wymieniane, przekazywane, cedowane lub sprzedawane na jakimkolwiek no\u015bniku osobom trzecim. Tylko hipoteza odkupienia strony &#8222;Toilettage Chiens Chats&#8221; i jej praw pozwoli na przekazanie wy\u017cej wymienionych informacji ewentualnemu nabywcy, kt\u00f3ry z kolei b\u0119dzie mia\u0142 taki sam obowi\u0105zek zachowania i modyfikacji danych w odniesieniu do u\u017cytkownika strony.  <a title=\"Rose Belle - http:\/\/www.toilettagechienschats.com\" href=\"https:\/\/web.archive.org\/web\/20181225000039\/http:\/\/http\/\/www.toilettagechienschats.com\/\">http:\/\/www.toilettagechienschats.com<\/a>.<\/p>\n<p>Powy\u017csza strona jest zg\u0142oszona do CNIL pod numerem 1649446.<\/p>\n<p>Bazy danych s\u0105 chronione przepisami ustawy z dnia 1 lipca 1998 r. transponuj\u0105cej dyrektyw\u0119 96\/9 z dnia 11 marca 1996 r. w sprawie ochrony prawnej baz danych.<\/p>\n<p>&nbsp;<\/p>\n<h3>8. Hiper\u0142\u0105cza i pliki cookie.<\/h3>\n<p>Strona internetowa <a title=\"Rose Belle - http:\/\/www.toilettagechienschats.com\" href=\"https:\/\/web.archive.org\/web\/20181225000039\/http:\/\/http\/\/www.toilettagechienschats.com\/\">http:\/\/www.toilettagechienschats.com<\/a> zawiera szereg hiper\u0142\u0105czy do innych stron internetowych, utworzonych za zgod\u0105 kierownika publikacji. Osoba odpowiedzialna za publikacj\u0119 nie ma jednak mo\u017cliwo\u015bci sprawdzenia zawarto\u015bci odwiedzanych w ten spos\u00f3b stron i w zwi\u0105zku z tym nie ponosi za ten fakt \u017cadnej odpowiedzialno\u015bci.<\/p>\n<p>Przegl\u0105danie strony internetowej <a title=\"Rose Belle - http:\/\/www.toilettagechienschats.com\" href=\"https:\/\/web.archive.org\/web\/20181225000039\/http:\/\/http\/\/www.toilettagechienschats.com\/\">http:\/\/www.toilettagechienschats.com<\/a> mo\u017ce spowodowa\u0107 zainstalowanie plik\u00f3w cookies na komputerze u\u017cytkownika. Cookie to ma\u0142y plik, kt\u00f3ry nie pozwala na identyfikacj\u0119 u\u017cytkownika, ale zapisuje informacje zwi\u0105zane z nawigacj\u0105 komputera na stronie. Uzyskane w ten spos\u00f3b dane maj\u0105 na celu u\u0142atwienie p\u00f3\u017aniejszej nawigacji na stronie, a tak\u017ce maj\u0105 umo\u017cliwi\u0107 r\u00f3\u017cne miary cz\u0119sto\u015bci wyst\u0119powania.<\/p>\n<p>Odmowa instalacji pliku cookie mo\u017ce uniemo\u017cliwi\u0107 dost\u0119p do niekt\u00f3rych us\u0142ug. U\u017cytkownik mo\u017ce jednak skonfigurowa\u0107 sw\u00f3j komputer tak, aby odm\u00f3wi\u0107 instalacji plik\u00f3w cookies.<\/p>\n<p>&nbsp;<\/p>\n<h3>9. Prawo w\u0142a\u015bciwe i jurysdykcja.<\/h3>\n<p>Wszelkie spory zwi\u0105zane z korzystaniem ze strony internetowej <a title=\"Rose Belle - http:\/\/www.toilettagechienschats.com\" href=\"https:\/\/web.archive.org\/web\/20181225000039\/http:\/\/http\/\/www.toilettagechienschats.com\/\">http:\/\/www.toilettagechienschats.com<\/a> podlegaj\u0105 prawu francuskiemu. Wy\u0142\u0105czn\u0105 jurysdykcj\u0119 maj\u0105 w\u0142a\u015bciwe s\u0105dy w Pary\u017cu.<\/p>\n<p>&nbsp;<\/p>\n<h3>10. G\u0142\u00f3wne prawa zwi\u0105zane z.<\/h3>\n<p>Ustawa nr 78-87 z 6 stycznia 1978 r., w szczeg\u00f3lno\u015bci zmieniona ustaw\u0105 nr 2004-801 z 6 sierpnia 2004 r. o informatyce, plikach i swobodach.<\/p>\n<p>Ustawa nr 2004-575 z dnia 21 czerwca 2004 r. o zaufaniu do gospodarki cyfrowej.<\/p>\n<p>&nbsp;<\/p>\n<h3>11. Leksykon.<\/h3>\n<p>U\u017cytkownik: u\u017cytkownik Internetu \u0142\u0105cz\u0105cy si\u0119 i korzystaj\u0105cy z wy\u017cej wymienionej strony.<\/p>\n<p>Dane osobowe: &#8222;informacje, kt\u00f3re pozwalaj\u0105, w jakiejkolwiek formie, bezpo\u015brednio lub po\u015brednio, na identyfikacj\u0119 os\u00f3b fizycznych, kt\u00f3rych dotycz\u0105&#8221; (art. 4 ustawy nr 78-17 z dnia 6 stycznia 1978 r.).<\/p>\n<\/div>\n","protected":false},"excerpt":{"rendered":"<p>Informacje prawne &nbsp; 1. Prezentacja strony. Zgodnie z art. 6 ustawy nr 2004-575 z dnia 21 czerwca 2004 r. o zaufaniu w gospodarce cyfrowej, u\u017cytkownicy strony http:\/\/www.toilettagechienschats.com s\u0105 informowani o to\u017csamo\u015bci r\u00f3\u017cnych podmiot\u00f3w zaanga\u017cowanych w jej tworzenie i monitorowanie: W\u0142a\u015bciciel&#8230;<\/p>\n","protected":false},"author":1,"featured_media":0,"parent":0,"menu_order":0,"comment_status":"closed","ping_status":"closed","template":"","meta":{"_uag_custom_page_level_css":"","footnotes":""},"class_list":["post-3766","page","type-page","status-publish","hentry"],"uagb_featured_image_src":{"full":false,"thumbnail":false,"medium":false,"medium_large":false,"large":false,"1536x1536":false,"2048x2048":false,"gucherry-blog-thumbnail-one":false,"gucherry-blog-thumbnail-two":false},"uagb_author_info":{"display_name":"Expert Toilettage","author_link":"https:\/\/www.toilettagechienschats.com\/pl\/author\/aurore-toile\/"},"uagb_comment_info":0,"uagb_excerpt":"Informacje prawne &nbsp; 1. Prezentacja strony. Zgodnie z art. 6 ustawy nr 2004-575 z dnia 21 czerwca 2004 r. o zaufaniu w gospodarce cyfrowej, u\u017cytkownicy strony http:\/\/www.toilettagechienschats.com s\u0105 informowani o to\u017csamo\u015bci r\u00f3\u017cnych podmiot\u00f3w zaanga\u017cowanych w jej tworzenie i monitorowanie: W\u0142a\u015bciciel...","_links":{"self":[{"href":"https:\/\/www.toilettagechienschats.com\/pl\/wp-json\/wp\/v2\/pages\/3766","targetHints":{"allow":["GET"]}}],"collection":[{"href":"https:\/\/www.toilettagechienschats.com\/pl\/wp-json\/wp\/v2\/pages"}],"about":[{"href":"https:\/\/www.toilettagechienschats.com\/pl\/wp-json\/wp\/v2\/types\/page"}],"author":[{"embeddable":true,"href":"https:\/\/www.toilettagechienschats.com\/pl\/wp-json\/wp\/v2\/users\/1"}],"replies":[{"embeddable":true,"href":"https:\/\/www.toilettagechienschats.com\/pl\/wp-json\/wp\/v2\/comments?post=3766"}],"version-history":[{"count":0,"href":"https:\/\/www.toilettagechienschats.com\/pl\/wp-json\/wp\/v2\/pages\/3766\/revisions"}],"wp:attachment":[{"href":"https:\/\/www.toilettagechienschats.com\/pl\/wp-json\/wp\/v2\/media?parent=3766"}],"curies":[{"name":"wp","href":"https:\/\/api.w.org\/{rel}","templated":true}]}}