{"id":3761,"date":"2019-08-06T13:14:32","date_gmt":"2019-08-06T11:14:32","guid":{"rendered":"https:\/\/www.toilettagechienschats.com\/informacion-juridica\/"},"modified":"2019-08-06T13:14:32","modified_gmt":"2019-08-06T11:14:32","slug":"informacion-juridica","status":"publish","type":"page","link":"https:\/\/www.toilettagechienschats.com\/es\/informacion-juridica\/","title":{"rendered":"Informaci\u00f3n jur\u00eddica"},"content":{"rendered":"<header class=\"entry-header\">\n<h2 class=\"entry-title\"><span style=\"font-size: 2em;\">Informaci\u00f3n jur\u00eddica<\/span><\/h2>\n<\/header>\n<div class=\"entry-content clearfix\">\n<p>&nbsp;<\/p>\n<h3>1. Presentaci\u00f3n del sitio.<\/h3>\n<p>De conformidad con el art\u00edculo 6 de la Ley n\u00ba 2004-575, de 21 de junio de 2004, sobre la confianza en la econom\u00eda digital, se informa a los usuarios del sitio web <a title=\"Rose Belle - http:\/\/www.toilettagechienschats.com\" href=\"https:\/\/web.archive.org\/web\/20181225000039\/http:\/\/http\/\/www.toilettagechienschats.com\/\">http:\/\/www.toilettagechienschats.com<\/a> de la identidad de las distintas partes que intervienen en su creaci\u00f3n y seguimiento:<\/p>\n<p>Propietaria y directora de publicaci\u00f3n: Aurore Belle &#8211; les coteaux de roche, 42230 Roche-la-Moli\u00e8re<\/p>\n<p>Creador y Webmaster: <a href=\"https:\/\/web.archive.org\/web\/20181225000039\/http:\/\/www.toilettagechienschats.com\/\">Rose<\/a> &#8211; support@toilettagechienschats.com<\/p>\n<p>El responsable de la publicaci\u00f3n es una persona f\u00edsica o jur\u00eddica.<\/p>\n<p>Cr\u00e9ditos: los avisos legales han sido generados y ofrecidos por <a title=\"Agencia web Angulema\" href=\"https:\/\/web.archive.org\/web\/20181225000039\/http:\/\/www.subdelirium.com\/\" target=\"_blank\" rel=\"noopener\">SubDelirium Agence Communication Angoul\u00eame<\/a><\/p>\n<p>Anfitri\u00f3n: Hostgator &#8211; 11251 Northwest Freeway, Suite 400 Houston, TX 77092, USA<\/p>\n<p>&nbsp;<\/p>\n<h3>2. Condiciones generales de utilizaci\u00f3n del sitio y de los servicios ofrecidos.<\/h3>\n<p>El uso del sitio web <a title=\"Rose Belle - http:\/\/www.toilettagechienschats.com\" href=\"https:\/\/web.archive.org\/web\/20181225000039\/http:\/\/http\/\/www.toilettagechienschats.com\/\">http:\/\/www.toilettagechienschats.com<\/a> implica la plena aceptaci\u00f3n de las condiciones generales de uso que se describen a continuaci\u00f3n. Las presentes condiciones de uso podr\u00e1n ser modificadas o completadas en cualquier momento, por lo que se invita a los usuarios del sitio web <a title=\"Rose Belle - http:\/\/www.toilettagechienschats.com\" href=\"https:\/\/web.archive.org\/web\/20181225000039\/http:\/\/http\/\/www.toilettagechienschats.com\/\">http:\/\/www.toilettagechienschats.com<\/a> a consultarlas peri\u00f3dicamente.<\/p>\n<p>Este sitio es normalmente accesible a los usuarios en todo momento. No obstante, <a title=\"Rose Belle - http:\/\/www.toilettagechienschats.com\" href=\"https:\/\/web.archive.org\/web\/20181225000039\/http:\/\/http\/\/www.toilettagechienschats.com\/\">http:\/\/www.toilettagechienschats.com<\/a> puede decidir interrumpir el sitio web por motivos de mantenimiento t\u00e9cnico. En tal caso, http:\/\/www.toilettagechienschats.com se esforzar\u00e1 por informar previamente a los usuarios de las fechas y horas de la intervenci\u00f3n.<\/p>\n<p>El webmaster actualiza peri\u00f3dicamente el sitio <a title=\"Rose Belle - http:\/\/www.toilettagechienschats.com\" href=\"https:\/\/web.archive.org\/web\/20181225000039\/http:\/\/http\/\/www.toilettagechienschats.com\/\">http:\/\/www.toilettagechienschats.com<\/a>. Del mismo modo, los avisos legales pueden modificarse en cualquier momento: no obstante, son vinculantes para el usuario, al que se invita a consultarlos con la mayor frecuencia posible para tomar nota de ellos.<\/p>\n<p>&nbsp;<\/p>\n<h3>3. Descripci\u00f3n de los servicios prestados.<\/h3>\n<p>El objetivo del sitio web <a title=\"Rose Belle - http:\/\/www.toilettagechienschats.com\" href=\"https:\/\/web.archive.org\/web\/20181225000039\/http:\/\/http\/\/www.toilettagechienschats.com\/\">http:\/\/www.toilettagechienschats.com<\/a> es ofrecer informaci\u00f3n sobre todas las actividades de la empresa.<\/p>\n<p>El Webmaster se esfuerza por ofrecer en el sitio web <a title=\"Rose Belle - http:\/\/www.toilettagechienschats.com\" href=\"https:\/\/web.archive.org\/web\/20181225000039\/http:\/\/http\/\/www.toilettagechienschats.com\/\">http:\/\/www.toilettagechienschats.com<\/a> informaci\u00f3n lo m\u00e1s exacta posible. No obstante, no podr\u00e1 ser considerada responsable de las omisiones, inexactitudes y lagunas de actualizaci\u00f3n, ya sean imputables a ella misma o a terceros que le proporcionen dicha informaci\u00f3n.<\/p>\n<p>Toda la informaci\u00f3n que figura en el sitio web <a title=\"Rose Belle - http:\/\/www.toilettagechienschats.com\" href=\"https:\/\/web.archive.org\/web\/20181225000039\/http:\/\/http\/\/www.toilettagechienschats.com\/\">http:\/\/www.toilettagechienschats.com<\/a> se ofrece a t\u00edtulo indicativo y es susceptible de sufrir modificaciones. Adem\u00e1s, la informaci\u00f3n del sitio web <a title=\"Rose Belle - http:\/\/www.toilettagechienschats.com\" href=\"https:\/\/web.archive.org\/web\/20181225000039\/http:\/\/http\/\/www.toilettagechienschats.com\/\">http:\/\/www.toilettagechienschats.com<\/a> no es exhaustiva. Se dan a condici\u00f3n de que se hayan introducido cambios desde que se pusieron en l\u00ednea.<\/p>\n<p>&nbsp;<\/p>\n<h3>4. Limitaciones contractuales de los datos t\u00e9cnicos.<\/h3>\n<p>El sitio utiliza la tecnolog\u00eda JavaScript.<\/p>\n<p>El sitio web no se hace responsable de los da\u00f1os materiales relacionados con su uso. Adem\u00e1s, el usuario del sitio se compromete a acceder al mismo utilizando un equipo reciente, libre de virus y con un navegador actualizado de \u00faltima generaci\u00f3n<\/p>\n<p>&nbsp;<\/p>\n<h3>5. Propiedad intelectual y falsificaci\u00f3n.<\/h3>\n<p>El propietario del sitio es titular de los derechos de propiedad intelectual o tiene los derechos de uso sobre todos los elementos accesibles en el sitio, en particular los textos, im\u00e1genes, gr\u00e1ficos, logotipos, iconos, sonidos, software.<\/p>\n<p>Toda reproducci\u00f3n, representaci\u00f3n, modificaci\u00f3n, publicaci\u00f3n, adaptaci\u00f3n de la totalidad o parte de los elementos del sitio, cualesquiera que sean los medios o procedimientos utilizados, est\u00e1 prohibida, salvo autorizaci\u00f3n previa por escrito del Webmaster.<\/p>\n<p>Cualquier uso no autorizado del sitio o de alguno de los elementos que contiene se considerar\u00e1 constitutivo de infracci\u00f3n y ser\u00e1 perseguido de conformidad con lo dispuesto en los art\u00edculos L.335-2 y siguientes del C\u00f3digo de la Propiedad Intelectual.<\/p>\n<p>&nbsp;<\/p>\n<h3>6. Limitaciones de responsabilidad.<\/h3>\n<p>El responsable del sitio \u00abToilettage Chiens Chats\u00bb no podr\u00e1 ser considerado responsable de los da\u00f1os directos e indirectos causados con el material del usuario, en el momento del acceso al sitio, y resultantes bien de la utilizaci\u00f3n de un material que no responda a las especificaciones indicadas en el punto 4, bien de la aparici\u00f3n de un bug o de una incompatibilidad.<\/p>\n<p>El responsable del sitio web \u00abToilettage Chiens Chats\u00bb no se hace responsable de ning\u00fan da\u00f1o indirecto (como la p\u00e9rdida de mercado o la p\u00e9rdida de oportunidades) derivado del uso del sitio web <a title=\"Rose Belle - http:\/\/www.toilettagechienschats.com\" href=\"https:\/\/web.archive.org\/web\/20181225000039\/http:\/\/http\/\/www.toilettagechienschats.com\/\">http:\/\/www.toilettagechienschats.com<\/a>.<\/p>\n<p>Los usuarios tienen a su disposici\u00f3n zonas interactivas (posibilidad de hacer preguntas en la zona de contacto). El webmaster se reserva el derecho de suprimir, sin previo aviso, cualquier contenido publicado en este espacio que contravenga la legislaci\u00f3n aplicable en Francia, en particular las disposiciones relativas a la protecci\u00f3n de datos. En su caso, el webmaster tambi\u00e9n se reserva el derecho de exigir responsabilidades civiles y\/o penales al usuario, especialmente en caso de mensajes de car\u00e1cter racista, insultante, difamatorio o pornogr\u00e1fico, sea cual sea el medio utilizado (texto, fotograf\u00edas, etc.).<\/p>\n<p>&nbsp;<\/p>\n<h3>7. Gesti\u00f3n de datos personales.<\/h3>\n<p>En Francia, los datos personales est\u00e1n protegidos por la ley n\u00ba 78-87 de 6 de enero de 1978, la ley n\u00ba 2004-801 de 6 de agosto de 2004, el art\u00edculo L. 226-13 del C\u00f3digo Penal y la Directiva Europea de 24 de octubre de 1995.<\/p>\n<p>Al utilizar el sitio web <a title=\"Rose Belle - http:\/\/www.toilettagechienschats.com\" href=\"https:\/\/web.archive.org\/web\/20181225000039\/http:\/\/http\/\/www.toilettagechienschats.com\/\">http:\/\/www.toilettagechienschats.com<\/a>, puede recopilarse la siguiente informaci\u00f3n: la URL de los enlaces a trav\u00e9s de los cuales el usuario ha accedido al sitio web <a title=\"Rose Belle - http:\/\/www.toilettagechienschats.com\" href=\"https:\/\/web.archive.org\/web\/20181225000039\/http:\/\/http\/\/www.toilettagechienschats.com\/\">http:\/\/www.toilettagechienschats.com,<\/a> el proveedor de acceso del usuario, la direcci\u00f3n del protocolo de Internet (IP) del usuario.<\/p>\n<p>En cualquier caso, el sitio web \u00abToilettage Chiens Chats\u00bb recoge informaci\u00f3n personal relativa al usuario \u00fanicamente para la necesidad de determinados servicios ofrecidos por el sitio web <a title=\"Rose Belle - http:\/\/www.toilettagechienschats.com\" href=\"https:\/\/web.archive.org\/web\/20181225000039\/http:\/\/http\/\/www.toilettagechienschats.com\/\">http:\/\/www.toilettagechienschats.com<\/a>. El usuario facilita esta informaci\u00f3n con pleno conocimiento de causa, en particular cuando la introduce \u00e9l mismo. A continuaci\u00f3n, se informa al usuario del sitio web <a title=\"Rose Belle - http:\/\/www.toilettagechienschats.com\" href=\"https:\/\/web.archive.org\/web\/20181225000039\/http:\/\/http\/\/www.toilettagechienschats.com\/\">http:\/\/www.toilettagechienschats.com<\/a> de si est\u00e1 obligado o no a facilitar esta informaci\u00f3n.<\/p>\n<p>Conforme a las disposiciones de los art\u00edculos 38 y siguientes de la ley 78-17 del 6 de enero de 1978 relativa a la inform\u00e1tica, a los ficheros y a las libertades, todo usuario dispone de un derecho de acceso, de rectificaci\u00f3n y de oposici\u00f3n a los datos de car\u00e1cter personal que le conciernen, mediante solicitud escrita y firmada, acompa\u00f1ada de una copia del documento de identidad con firma del titular del documento, precisando la direcci\u00f3n a la que debe enviarse la respuesta.<\/p>\n<p>Ninguna informaci\u00f3n personal del usuario del sitio web <a title=\"Rose Belle - http:\/\/www.toilettagechienschats.com\" href=\"https:\/\/web.archive.org\/web\/20181225000039\/http:\/\/http\/\/www.toilettagechienschats.com\/\">http:\/\/www.toilettagechienschats.com<\/a> se publica sin el conocimiento del usuario, se intercambia, transfiere, cede o vende por ning\u00fan medio a terceros. S\u00f3lo la hip\u00f3tesis de la recompra del sitio \u00abToilettage Chiens Chats\u00bb y de sus derechos permitir\u00eda la transmisi\u00f3n de la informaci\u00f3n antes mencionada al posible comprador que estar\u00eda a su vez sujeto a la misma obligaci\u00f3n de conservaci\u00f3n y modificaci\u00f3n de los datos con respecto al usuario del sitio.  <a title=\"Rose Belle - http:\/\/www.toilettagechienschats.com\" href=\"https:\/\/web.archive.org\/web\/20181225000039\/http:\/\/http\/\/www.toilettagechienschats.com\/\">http:\/\/www.toilettagechienschats.com<\/a>.<\/p>\n<p>El sitio mencionado est\u00e1 declarado a la CNIL con el n\u00famero 1649446.<\/p>\n<p>Las bases de datos est\u00e1n protegidas por las disposiciones de la ley de 1 de julio de 1998 que transpone la Directiva 96\/9 de 11 de marzo de 1996 sobre la protecci\u00f3n jur\u00eddica de las bases de datos.<\/p>\n<p>&nbsp;<\/p>\n<h3>8. Hiperv\u00ednculos y cookies.<\/h3>\n<p>El sitio web <a title=\"Rose Belle - http:\/\/www.toilettagechienschats.com\" href=\"https:\/\/web.archive.org\/web\/20181225000039\/http:\/\/http\/\/www.toilettagechienschats.com\/\">http:\/\/www.toilettagechienschats.com<\/a> contiene una serie de hiperv\u00ednculos a otros sitios, establecidos con la autorizaci\u00f3n del responsable de la publicaci\u00f3n. Sin embargo, el responsable de la publicaci\u00f3n no tiene la posibilidad de comprobar el contenido de los sitios as\u00ed visitados y, en consecuencia, no asumir\u00e1 ninguna responsabilidad por este hecho.<\/p>\n<p>La navegaci\u00f3n por el sitio web <a title=\"Rose Belle - http:\/\/www.toilettagechienschats.com\" href=\"https:\/\/web.archive.org\/web\/20181225000039\/http:\/\/http\/\/www.toilettagechienschats.com\/\">http:\/\/www.toilettagechienschats.com<\/a> puede provocar la instalaci\u00f3n de cookies en el ordenador del usuario. Una cookie es un peque\u00f1o archivo que no permite identificar al usuario, pero que registra informaci\u00f3n relativa a la navegaci\u00f3n de un ordenador en un sitio. Los datos as\u00ed obtenidos tienen por objeto facilitar la navegaci\u00f3n posterior en el sitio, as\u00ed como permitir diversas medidas de frecuentaci\u00f3n.<\/p>\n<p>La negativa a instalar una cookie puede imposibilitar el acceso a determinados servicios. No obstante, el usuario puede configurar su ordenador para rechazar la instalaci\u00f3n de cookies.<\/p>\n<p>&nbsp;<\/p>\n<h3>9. Ley aplicable y jurisdicci\u00f3n.<\/h3>\n<p>Cualquier litigio relacionado con el uso del sitio web <a title=\"Rose Belle - http:\/\/www.toilettagechienschats.com\" href=\"https:\/\/web.archive.org\/web\/20181225000039\/http:\/\/http\/\/www.toilettagechienschats.com\/\">http:\/\/www.toilettagechienschats.com<\/a> est\u00e1 sujeto a la legislaci\u00f3n francesa. Los tribunales competentes de Par\u00eds tienen jurisdicci\u00f3n exclusiva.<\/p>\n<p>&nbsp;<\/p>\n<h3>10. Las principales leyes implicadas.<\/h3>\n<p>Ley n\u00ba 78-87 de 6 de enero de 1978, modificada en particular por la ley n\u00ba 2004-801 de 6 de agosto de 2004 relativa a la inform\u00e1tica, los archivos y las libertades.<\/p>\n<p>Ley n\u00ba 2004-575 de 21 de junio de 2004 para la confianza en la econom\u00eda digital.<\/p>\n<p>&nbsp;<\/p>\n<h3>11. L\u00e9xico.<\/h3>\n<p>Usuario: Internauta que se conecta y utiliza el sitio mencionado.<\/p>\n<p>Informaci\u00f3n personal: \u00abinformaci\u00f3n que permite, en cualquier forma, directa o indirectamente, la identificaci\u00f3n de las personas f\u00edsicas a las que se aplica\u00bb (art\u00edculo 4 de la ley n\u00b0 78-17 de 6 de enero de 1978).<\/p>\n<\/div>\n","protected":false},"excerpt":{"rendered":"<p>Informaci\u00f3n jur\u00eddica &nbsp; 1. Presentaci\u00f3n del sitio. De conformidad con el art\u00edculo 6 de la Ley n\u00ba 2004-575, de 21 de junio de 2004, sobre la confianza en la econom\u00eda digital, se informa a los usuarios del sitio web http:\/\/www.toilettagechienschats.com&#8230;<\/p>\n","protected":false},"author":1,"featured_media":0,"parent":0,"menu_order":0,"comment_status":"closed","ping_status":"closed","template":"","meta":{"_uag_custom_page_level_css":"","footnotes":""},"class_list":["post-3761","page","type-page","status-publish","hentry"],"uagb_featured_image_src":{"full":false,"thumbnail":false,"medium":false,"medium_large":false,"large":false,"1536x1536":false,"2048x2048":false,"gucherry-blog-thumbnail-one":false,"gucherry-blog-thumbnail-two":false},"uagb_author_info":{"display_name":"Expert Toilettage","author_link":"https:\/\/www.toilettagechienschats.com\/es\/author\/aurore-toile\/"},"uagb_comment_info":0,"uagb_excerpt":"Informaci\u00f3n jur\u00eddica &nbsp; 1. Presentaci\u00f3n del sitio. De conformidad con el art\u00edculo 6 de la Ley n\u00ba 2004-575, de 21 de junio de 2004, sobre la confianza en la econom\u00eda digital, se informa a los usuarios del sitio web http:\/\/www.toilettagechienschats.com...","_links":{"self":[{"href":"https:\/\/www.toilettagechienschats.com\/es\/wp-json\/wp\/v2\/pages\/3761","targetHints":{"allow":["GET"]}}],"collection":[{"href":"https:\/\/www.toilettagechienschats.com\/es\/wp-json\/wp\/v2\/pages"}],"about":[{"href":"https:\/\/www.toilettagechienschats.com\/es\/wp-json\/wp\/v2\/types\/page"}],"author":[{"embeddable":true,"href":"https:\/\/www.toilettagechienschats.com\/es\/wp-json\/wp\/v2\/users\/1"}],"replies":[{"embeddable":true,"href":"https:\/\/www.toilettagechienschats.com\/es\/wp-json\/wp\/v2\/comments?post=3761"}],"version-history":[{"count":0,"href":"https:\/\/www.toilettagechienschats.com\/es\/wp-json\/wp\/v2\/pages\/3761\/revisions"}],"wp:attachment":[{"href":"https:\/\/www.toilettagechienschats.com\/es\/wp-json\/wp\/v2\/media?parent=3761"}],"curies":[{"name":"wp","href":"https:\/\/api.w.org\/{rel}","templated":true}]}}