{"id":3760,"date":"2019-08-06T13:14:32","date_gmt":"2019-08-06T11:14:32","guid":{"rendered":"https:\/\/www.toilettagechienschats.com\/rechtliche-hinweise\/"},"modified":"2019-08-06T13:14:32","modified_gmt":"2019-08-06T11:14:32","slug":"rechtliche-hinweise","status":"publish","type":"page","link":"https:\/\/www.toilettagechienschats.com\/de\/rechtliche-hinweise\/","title":{"rendered":"Rechtliche Hinweise"},"content":{"rendered":"<header class=\"entry-header\">\n<h2 class=\"entry-title\"><span style=\"font-size: 2em;\">Rechtliche Informationen<\/span><\/h2>\n<\/header>\n<div class=\"entry-content clearfix\">\n<p>&nbsp;<\/p>\n<h3>1. Vorstellung der Website.<\/h3>\n<p>Gem\u00e4\u00df Artikel 6 des Gesetzes Nr. 2004-575 vom 21. Juni 2004 \u00fcber das Vertrauen in die digitale Wirtschaft wird den Nutzern der Website <a title=\"Rose Belle - http:\/\/www.toilettagechienschats.com\" href=\"https:\/\/web.archive.org\/web\/20181225000039\/http:\/\/http\/\/www.toilettagechienschats.com\/\">http:\/\/www.toilettagechienschats.com<\/a> die Identit\u00e4t der verschiedenen Akteure im Rahmen der Erstellung und Betreuung der Website mitgeteilt:<\/p>\n<p>Eigent\u00fcmer &amp; Verantwortlicher f\u00fcr die Ver\u00f6ffentlichung: Aurore Belle &#8211; les coteaux de roche, 42230 Roche-la-Moli\u00e8re<\/p>\n<p>Designer und Webmaster: <a href=\"https:\/\/web.archive.org\/web\/20181225000039\/http:\/\/www.toilettagechienschats.com\/\">Rose<\/a> &#8211; support@toilettagechienschats.com<\/p>\n<p>Der Verantwortliche f\u00fcr die Ver\u00f6ffentlichung ist eine nat\u00fcrliche Person oder eine juristische Person.<\/p>\n<p>Credits: Das Impressum wurde von <a title=\"Webagentur Angoul\u00eame\" href=\"https:\/\/web.archive.org\/web\/20181225000039\/http:\/\/www.subdelirium.com\/\" target=\"_blank\" rel=\"noopener\">SubDelirium Agence Communication Angoul\u00eame<\/a> generiert und angeboten.<\/p>\n<p>Hosting: Hostgator &#8211; 11251 Northwest Freeway, Suite 400 Houston, TX 77092, USA<\/p>\n<p>&nbsp;<\/p>\n<h3>2. Allgemeine Bedingungen f\u00fcr die Nutzung der Website und der angebotenen Dienste.<\/h3>\n<p>Die Nutzung der Website <a title=\"Rose Belle - http:\/\/www.toilettagechienschats.com\" href=\"https:\/\/web.archive.org\/web\/20181225000039\/http:\/\/http\/\/www.toilettagechienschats.com\/\">http:\/\/www.toilettagechienschats.com<\/a> setzt die vollst\u00e4ndige und uneingeschr\u00e4nkte Annahme der nachstehend beschriebenen allgemeinen Nutzungsbedingungen voraus. Diese Nutzungsbedingungen k\u00f6nnen jederzeit ge\u00e4ndert oder erg\u00e4nzt werden. Nutzer der Website <a title=\"Rose Belle - http:\/\/www.toilettagechienschats.com\" href=\"https:\/\/web.archive.org\/web\/20181225000039\/http:\/\/http\/\/www.toilettagechienschats.com\/\">http:\/\/www.toilettagechienschats.com<\/a> werden daher gebeten, sie regelm\u00e4\u00dfig zu konsultieren.<\/p>\n<p>Diese Seite ist normalerweise jederzeit f\u00fcr die Nutzer zug\u00e4nglich. Eine Unterbrechung aufgrund technischer Wartungsarbeiten kann jedoch von <a title=\"Rose Belle - http:\/\/www.toilettagechienschats.com\" href=\"https:\/\/web.archive.org\/web\/20181225000039\/http:\/\/http\/\/www.toilettagechienschats.com\/\">http:\/\/www.toilettagechienschats.com<\/a> beschlossen werden, die sich dann bem\u00fcht, die Nutzer vorab \u00fcber die Daten und Zeiten der Intervention zu informieren.<\/p>\n<p>Die Website <a title=\"Rose Belle - http:\/\/www.toilettagechienschats.com\" href=\"https:\/\/web.archive.org\/web\/20181225000039\/http:\/\/http\/\/www.toilettagechienschats.com\/\">http:\/\/www.toilettagechienschats.com<\/a> wird regelm\u00e4\u00dfig vom Webmaster aktualisiert. Ebenso k\u00f6nnen die rechtlichen Hinweise jederzeit ge\u00e4ndert werden: Sie sind dennoch f\u00fcr den Nutzer verbindlich, der aufgefordert wird, so oft wie m\u00f6glich auf sie zu verweisen, um sie zur Kenntnis zu nehmen.<\/p>\n<p>&nbsp;<\/p>\n<h3>3. Beschreibung der erbrachten Dienstleistungen.<\/h3>\n<p>Die Website <a title=\"Rose Belle - http:\/\/www.toilettagechienschats.com\" href=\"https:\/\/web.archive.org\/web\/20181225000039\/http:\/\/http\/\/www.toilettagechienschats.com\/\">http:\/\/www.toilettagechienschats.com<\/a> soll Informationen \u00fcber alle Aktivit\u00e4ten des Unternehmens liefern.<\/p>\n<p>Der Webmaster bem\u00fcht sich, auf der Website <a title=\"Rose Belle - http:\/\/www.toilettagechienschats.com\" href=\"https:\/\/web.archive.org\/web\/20181225000039\/http:\/\/http\/\/www.toilettagechienschats.com\/\">http:\/\/www.toilettagechienschats.com<\/a> m\u00f6glichst genaue Informationen zur Verf\u00fcgung zu stellen. Sie kann jedoch nicht f\u00fcr Auslassungen, Ungenauigkeiten und M\u00e4ngel in der Aktualisierung haftbar gemacht werden, die von ihr selbst oder von dritten Partnern, die ihr diese Informationen zur Verf\u00fcgung stellen, verursacht werden.<\/p>\n<p>Alle auf der Website <a title=\"Rose Belle - http:\/\/www.toilettagechienschats.com\" href=\"https:\/\/web.archive.org\/web\/20181225000039\/http:\/\/http\/\/www.toilettagechienschats.com\/\">http:\/\/www.toilettagechienschats.com<\/a> angegebenen Informationen sind unverbindlich und k\u00f6nnen sich \u00e4ndern. Dar\u00fcber hinaus sind die Informationen auf der Website <a title=\"Rose Belle - http:\/\/www.toilettagechienschats.com\" href=\"https:\/\/web.archive.org\/web\/20181225000039\/http:\/\/http\/\/www.toilettagechienschats.com\/\">http:\/\/www.toilettagechienschats.com<\/a> nicht ersch\u00f6pfend. Sie sind vorbehaltlich aller \u00c4nderungen, die seit ihrer Ver\u00f6ffentlichung vorgenommen wurden.<\/p>\n<p>&nbsp;<\/p>\n<h3>4. Vertragliche Einschr\u00e4nkungen der technischen Daten.<\/h3>\n<p>Die Website verwendet die JavaScript-Technologie.<\/p>\n<p>Die Website haftet nicht f\u00fcr materielle Sch\u00e4den, die mit der Nutzung der Website verbunden sind. Dar\u00fcber hinaus verpflichtet sich der Nutzer der Website, auf die Website mit einer aktuellen Hardware zuzugreifen, die keine Viren enth\u00e4lt und mit einem Browser der neuesten Generation, der auf dem neuesten Stand ist.<\/p>\n<p>&nbsp;<\/p>\n<h3>5. Geistiges Eigentum und F\u00e4lschungen.<\/h3>\n<p>Die Eigent\u00fcmerin der Website ist Eigent\u00fcmerin der Rechte am geistigen Eigentum oder besitzt die Nutzungsrechte f\u00fcr alle auf der Website zug\u00e4nglichen Elemente, insbesondere Texte, Bilder, Grafiken, Logos, Icons, T\u00f6ne, Software.<\/p>\n<p>Jede Vervielf\u00e4ltigung, Darstellung, \u00c4nderung, Ver\u00f6ffentlichung und Anpassung aller oder eines Teils der Elemente der Website, unabh\u00e4ngig von den verwendeten Mitteln oder Verfahren, ist untersagt, es sei denn, es liegt eine vorherige schriftliche Genehmigung des Webmasters vor.<\/p>\n<p>Jede nicht genehmigte Nutzung der Website oder eines ihrer Elemente wird als F\u00e4lschung angesehen und gem\u00e4\u00df den Bestimmungen der Artikel L.335-2 ff. des franz\u00f6sischen Gesetzbuchs \u00fcber geistiges Eigentum (Code de Propri\u00e9t\u00e9 Intellectuelle) verfolgt.<\/p>\n<p>&nbsp;<\/p>\n<h3>6. Haftungsbeschr\u00e4nkungen.<\/h3>\n<p>Die Verantwortliche der Website &#8222;Toilettage Chiens Chats&#8220; kann nicht f\u00fcr direkte und indirekte Sch\u00e4den haftbar gemacht werden, die dem Material des Nutzers beim Zugriff auf die Website zugef\u00fcgt werden und die entweder aus der Verwendung von Material resultieren, das nicht den in Punkt 4 angegebenen Spezifikationen entspricht, oder aus dem Auftreten eines Bugs oder einer Inkompatibilit\u00e4t.<\/p>\n<p>Die Verantwortliche der Website &#8222;Toilettage Chiens Chats&#8220; kann au\u00dferdem nicht f\u00fcr indirekte Sch\u00e4den (wie z. B. einen Marktverlust oder den Verlust einer Chance) haftbar gemacht werden, die sich aus der Nutzung der Website <a title=\"Rose Belle - http:\/\/www.toilettagechienschats.com\" href=\"https:\/\/web.archive.org\/web\/20181225000039\/http:\/\/http\/\/www.toilettagechienschats.com\/\">http:\/\/www.toilettagechienschats.com<\/a> ergeben.<\/p>\n<p>Interaktive Bereiche (M\u00f6glichkeit, Fragen im Kontaktbereich zu stellen) stehen den Nutzern zur Verf\u00fcgung. Der Webmaster beh\u00e4lt sich das Recht vor, ohne vorherige Mahnung alle in diesem Bereich abgelegten Inhalte zu l\u00f6schen, die gegen die in Frankreich geltenden Gesetze und insbesondere gegen die Bestimmungen zum Datenschutz versto\u00dfen. Gegebenenfalls beh\u00e4lt sich der Webmaster auch die M\u00f6glichkeit vor, den Nutzer zivil- und\/oder strafrechtlich haftbar zu machen, insbesondere bei rassistischen, beleidigenden, diffamierenden oder pornografischen Mitteilungen, unabh\u00e4ngig von den verwendeten Medien (Text, Fotografie&#8230;).<\/p>\n<p>&nbsp;<\/p>\n<h3>7. Umgang mit pers\u00f6nlichen Daten.<\/h3>\n<p>In Frankreich sind personenbezogene Daten insbesondere durch das Gesetz Nr. 78-87 vom 6. Januar 1978, das Gesetz Nr. 2004-801 vom 6. August 2004, Artikel L. 226-13 des Strafgesetzbuches und die Europ\u00e4ische Richtlinie vom 24. Oktober 1995 gesch\u00fctzt.<\/p>\n<p>Bei der Nutzung der Website <a title=\"Rose Belle - http:\/\/www.toilettagechienschats.com\" href=\"https:\/\/web.archive.org\/web\/20181225000039\/http:\/\/http\/\/www.toilettagechienschats.com\/\">http:\/\/www.toilettagechienschats.com<\/a> k\u00f6nnen folgende Daten erfasst werden: die URL der Links, \u00fcber die der Nutzer auf die Website <a title=\"Rose Belle - http:\/\/www.toilettagechienschats.com\" href=\"https:\/\/web.archive.org\/web\/20181225000039\/http:\/\/http\/\/www.toilettagechienschats.com\/\">http:\/\/www.toilettagechienschats.com<\/a> gelangt ist <a title=\"Rose Belle - http:\/\/www.toilettagechienschats.com\" href=\"https:\/\/web.archive.org\/web\/20181225000039\/http:\/\/http\/\/www.toilettagechienschats.com\/\">,<\/a> der Zugangsanbieter des Nutzers, die Internetprotokoll-Adresse (IP-Adresse) des Nutzers.<\/p>\n<p>In jedem Fall sammelt die Website &#8222;Toilettage Chiens Chats&#8220; pers\u00f6nliche Informationen \u00fcber den Nutzer nur f\u00fcr die Zwecke bestimmter Dienstleistungen, die auf der Website <a title=\"Rose Belle - http:\/\/www.toilettagechienschats.com\" href=\"https:\/\/web.archive.org\/web\/20181225000039\/http:\/\/http\/\/www.toilettagechienschats.com\/\">http:\/\/www.toilettagechienschats.com<\/a> angeboten werden. Der Nutzer stellt diese Informationen in voller Kenntnis der Sachlage zur Verf\u00fcgung, insbesondere wenn er sie selbst eingibt. Dem Nutzer der Website <a title=\"Rose Belle - http:\/\/www.toilettagechienschats.com\" href=\"https:\/\/web.archive.org\/web\/20181225000039\/http:\/\/http\/\/www.toilettagechienschats.com\/\">http:\/\/www.toilettagechienschats.com<\/a> wird dann mitgeteilt, ob er zur Bereitstellung dieser Informationen verpflichtet ist oder nicht.<\/p>\n<p>Gem\u00e4\u00df den Bestimmungen der Artikel 38 ff. des Gesetzes 78-17 vom 6. Januar 1978 \u00fcber Informatik, Dateien und Freiheiten hat jeder Nutzer ein Recht auf Zugang, Berichtigung und Widerspruch zu den ihn betreffenden pers\u00f6nlichen Daten. Dazu muss er einen schriftlichen und unterschriebenen Antrag stellen, dem eine Kopie des Personalausweises mit Unterschrift des Inhabers des Dokuments beiliegt, und die Adresse angeben, an die die Antwort gesendet werden soll.<\/p>\n<p>Keine pers\u00f6nlichen Informationen des Nutzers der Website <a title=\"Rose Belle - http:\/\/www.toilettagechienschats.com\" href=\"https:\/\/web.archive.org\/web\/20181225000039\/http:\/\/http\/\/www.toilettagechienschats.com\/\">http:\/\/www.toilettagechienschats.com<\/a> werden ohne Wissen des Nutzers ver\u00f6ffentlicht, ausgetauscht, \u00fcbertragen, abgetreten oder auf einem beliebigen Datentr\u00e4ger an Dritte verkauft. Nur wenn die Website &#8222;Toilettage Chiens Chats&#8220; und ihre Rechte \u00fcbernommen werden, k\u00f6nnen diese Informationen an einen eventuellen Erwerber weitergegeben werden, der seinerseits die gleiche Verpflichtung zur Aufbewahrung und \u00c4nderung der Daten gegen\u00fcber dem Benutzer der Website hat.  <a title=\"Rose Belle - http:\/\/www.toilettagechienschats.com\" href=\"https:\/\/web.archive.org\/web\/20181225000039\/http:\/\/http\/\/www.toilettagechienschats.com\/\">http:\/\/www.toilettagechienschats.com<\/a>.<\/p>\n<p>Die oben genannte Website ist bei der CNIL unter der Nummer 1649446 angemeldet.<\/p>\n<p>Die Datenbanken sind durch die Bestimmungen des Gesetzes vom 1. Juli 1998 zur Umsetzung der Richtlinie 96\/9 vom 11. M\u00e4rz 1996 \u00fcber den rechtlichen Schutz von Datenbanken gesch\u00fctzt.<\/p>\n<p>&nbsp;<\/p>\n<h3>8. Hyperlinks und Cookies.<\/h3>\n<p>Die Website <a title=\"Rose Belle - http:\/\/www.toilettagechienschats.com\" href=\"https:\/\/web.archive.org\/web\/20181225000039\/http:\/\/http\/\/www.toilettagechienschats.com\/\">http:\/\/www.toilettagechienschats.com<\/a> enth\u00e4lt eine Reihe von Hyperlinks zu anderen Websites, die mit der Genehmigung des Verantwortlichen f\u00fcr die Ver\u00f6ffentlichung eingerichtet wurden. Der Verantwortliche f\u00fcr die Ver\u00f6ffentlichung hat jedoch nicht die M\u00f6glichkeit, den Inhalt der so besuchten Seiten zu \u00fcberpr\u00fcfen, und \u00fcbernimmt dementsprechend keine Haftung.<\/p>\n<p>Das Surfen auf der Website <a title=\"Rose Belle - http:\/\/www.toilettagechienschats.com\" href=\"https:\/\/web.archive.org\/web\/20181225000039\/http:\/\/http\/\/www.toilettagechienschats.com\/\">http:\/\/www.toilettagechienschats.com<\/a> kann dazu f\u00fchren, dass auf dem Computer des Nutzers ein Cookie(s) installiert wird. Ein Cookie ist eine kleine Datei, die keine Identifizierung des Nutzers erm\u00f6glicht, aber Informationen \u00fcber die Navigation eines Computers auf einer Website speichert. Die so gewonnenen Daten sollen die sp\u00e4tere Navigation auf der Website erleichtern und dienen auch dazu, verschiedene Messungen der Besucherzahlen zu erm\u00f6glichen.<\/p>\n<p>Die Verweigerung der Installation eines Cookies kann dazu f\u00fchren, dass Sie auf bestimmte Dienste nicht zugreifen k\u00f6nnen. Der Nutzer kann seinen Computer jedoch so einstellen, dass er die Installation von Cookies ablehnt.<\/p>\n<p>&nbsp;<\/p>\n<h3>9. Anwendbares Recht und Gerichtsbarkeit.<\/h3>\n<p>Alle Streitigkeiten im Zusammenhang mit der Nutzung der Website <a title=\"Rose Belle - http:\/\/www.toilettagechienschats.com\" href=\"https:\/\/web.archive.org\/web\/20181225000039\/http:\/\/http\/\/www.toilettagechienschats.com\/\">http:\/\/www.toilettagechienschats.com<\/a> unterliegen dem franz\u00f6sischen Recht. Die ausschlie\u00dfliche Zust\u00e4ndigkeit liegt bei den zust\u00e4ndigen Gerichten in Paris.<\/p>\n<p>&nbsp;<\/p>\n<h3>10. Die wichtigsten betroffenen Gesetze.<\/h3>\n<p>Gesetz Nr. 78-87 vom 6. Januar 1978, insbesondere ge\u00e4ndert durch das Gesetz Nr. 2004-801 vom 6. August 2004 \u00fcber Informatik, Dateien und Freiheitsrechte.<\/p>\n<p>Gesetz Nr. 2004-575 vom 21. Juni 2004 f\u00fcr das Vertrauen in die digitale Wirtschaft.<\/p>\n<p>&nbsp;<\/p>\n<h3>11. Lexikon.<\/h3>\n<p>Nutzer: Internetnutzer, der sich einloggt und die oben genannte Website nutzt.<\/p>\n<p>Pers\u00f6nliche Informationen: &#8222;Informationen, die in jedweder Form, direkt oder indirekt, die Identifizierung der nat\u00fcrlichen Personen erm\u00f6glichen, auf die sie sich beziehen&#8220; (Artikel 4 des Gesetzes Nr. 78-17 vom 6. Januar 1978).<\/p>\n<\/div>\n","protected":false},"excerpt":{"rendered":"<p>Rechtliche Informationen &nbsp; 1. Vorstellung der Website. Gem\u00e4\u00df Artikel 6 des Gesetzes Nr. 2004-575 vom 21. Juni 2004 \u00fcber das Vertrauen in die digitale Wirtschaft wird den Nutzern der Website http:\/\/www.toilettagechienschats.com die Identit\u00e4t der verschiedenen Akteure im Rahmen der Erstellung&#8230;<\/p>\n","protected":false},"author":1,"featured_media":0,"parent":0,"menu_order":0,"comment_status":"closed","ping_status":"closed","template":"","meta":{"_uag_custom_page_level_css":"","footnotes":""},"class_list":["post-3760","page","type-page","status-publish","hentry"],"uagb_featured_image_src":{"full":false,"thumbnail":false,"medium":false,"medium_large":false,"large":false,"1536x1536":false,"2048x2048":false,"gucherry-blog-thumbnail-one":false,"gucherry-blog-thumbnail-two":false},"uagb_author_info":{"display_name":"Expert Toilettage","author_link":"https:\/\/www.toilettagechienschats.com\/de\/author\/aurore-toile\/"},"uagb_comment_info":0,"uagb_excerpt":"Rechtliche Informationen &nbsp; 1. Vorstellung der Website. Gem\u00e4\u00df Artikel 6 des Gesetzes Nr. 2004-575 vom 21. Juni 2004 \u00fcber das Vertrauen in die digitale Wirtschaft wird den Nutzern der Website http:\/\/www.toilettagechienschats.com die Identit\u00e4t der verschiedenen Akteure im Rahmen der Erstellung...","_links":{"self":[{"href":"https:\/\/www.toilettagechienschats.com\/de\/wp-json\/wp\/v2\/pages\/3760","targetHints":{"allow":["GET"]}}],"collection":[{"href":"https:\/\/www.toilettagechienschats.com\/de\/wp-json\/wp\/v2\/pages"}],"about":[{"href":"https:\/\/www.toilettagechienschats.com\/de\/wp-json\/wp\/v2\/types\/page"}],"author":[{"embeddable":true,"href":"https:\/\/www.toilettagechienschats.com\/de\/wp-json\/wp\/v2\/users\/1"}],"replies":[{"embeddable":true,"href":"https:\/\/www.toilettagechienschats.com\/de\/wp-json\/wp\/v2\/comments?post=3760"}],"version-history":[{"count":0,"href":"https:\/\/www.toilettagechienschats.com\/de\/wp-json\/wp\/v2\/pages\/3760\/revisions"}],"wp:attachment":[{"href":"https:\/\/www.toilettagechienschats.com\/de\/wp-json\/wp\/v2\/media?parent=3760"}],"curies":[{"name":"wp","href":"https:\/\/api.w.org\/{rel}","templated":true}]}}