{"id":3758,"date":"2019-08-06T13:15:44","date_gmt":"2019-08-06T11:15:44","guid":{"rendered":"https:\/\/www.toilettagechienschats.com\/einstellen-von-cookies\/"},"modified":"2019-08-06T13:15:44","modified_gmt":"2019-08-06T11:15:44","slug":"einstellen-von-cookies","status":"publish","type":"page","link":"https:\/\/www.toilettagechienschats.com\/de\/einstellen-von-cookies\/","title":{"rendered":"Einstellen von Cookies"},"content":{"rendered":"<div class=\"content-wrapper clearfix\">\n<div id=\"content\" class=\"wrapper site-content\">\n<div id=\"primary\" class=\"content-area\"><main id=\"main\" class=\"site-main\"><\/p>\n<article id=\"post-969\" class=\"blog-no-image post-969 page type-page status-publish hentry\">\n<header class=\"entry-header\">\n<h1 class=\"entry-title\"><span style=\"font-size: 1rem; font-weight: normal;\">Diese Website verwendet Google Analytics, Schaltfl\u00e4chen zum Teilen von Beitr\u00e4gen und somit Cookies.<\/span><\/h1>\n<\/header>\n<div class=\"entry-content clearfix\">\n<h2>Was sind Cookies?<\/h2>\n<p>Das sind kleine Dateien, die der verwendete Browser lokal auf der Festplatte des Besuchers speichert und die es erm\u00f6glichen, Informationen \u00fcber seine Aufenthalte im Internet aufzuzeichnen. Sie sind v\u00f6llig harmlos und ungef\u00e4hrlich f\u00fcr Ihren Browser.<\/p>\n<p>Cookies erleichtern die Navigation auf der Website und erm\u00f6glichen es uns, Inhalte und Anzeigen zu personalisieren, Funktionen f\u00fcr soziale Medien anzubieten und unseren Datenverkehr zu analysieren. Wir geben Informationen \u00fcber die Nutzung unserer Website auch an unsere Social-Media-, Werbe- und Analysepartner weiter, die diese Informationen m\u00f6glicherweise mit anderen Informationen kombinieren, die Sie ihnen zur Verf\u00fcgung gestellt haben oder die sie bei Ihrer Nutzung ihrer Dienste gesammelt haben.<\/p>\n<p>Das EU-Recht verpflichtet alle Website- und Blogbesitzer, die Zustimmung der Besucher einzuholen und ihnen eine M\u00f6glichkeit anzubieten, die Cookies zu deaktivieren, wenn sie dies w\u00fcnschen.<\/p>\n<p>Wenn Sie nichts gegen Cookies einzuwenden haben, k\u00f6nnen Sie den Blog weiterhin besuchen, ohne etwas an Ihren Gewohnheiten zu \u00e4ndern.<br \/>\nWenn Sie sich an Cookies st\u00f6ren, k\u00f6nnen Sie sie \u00fcber Ihren Browser deaktivieren.<\/p>\n<h2>Cookies deaktivieren<\/h2>\n<h3>Aus dem Internet Explorer :<\/h3>\n<p>&#8211; Klicken Sie im Internet Explorer auf die Schaltfl\u00e4che Extras und dann auf Internetoptionen.<br \/>\n&#8211; Klicken Sie auf der Registerkarte Allgemein unter Browserverlauf auf Einstellungen.<br \/>\n&#8211; Klicken Sie auf die Schaltfl\u00e4che Dateien anzeigen.<br \/>\n&#8211; Klicken Sie auf die Spalten\u00fcberschrift Name, um alle Dateien in alphabetischer Reihenfolge zu sortieren, und gehen Sie dann die Liste durch, bis Sie Dateien sehen, die mit dem Pr\u00e4fix Cookie beginnen. (alle Cookies haben dieses Pr\u00e4fix und enthalten normalerweise den Namen der Website, die das Cookie erstellt hat).<br \/>\n&#8211; W\u00e4hlen Sie -les und l\u00f6schen Sie sie<br \/>\n&#8211; Schlie\u00dfen Sie das Fenster mit der Dateiliste und klicken Sie zweimal auf OK, um zum Internet Explorer zur\u00fcckzukehren.<\/p>\n<h3>Von Mozilla Firefox :<\/h3>\n<p>&#8211; Gehen Sie im Browser auf die Registerkarte Extras und w\u00e4hlen Sie dann das Men\u00fc Optionen.<br \/>\n&#8211; W\u00e4hlen Sie im daraufhin angezeigten Fenster Privatsph\u00e4re und klicken Sie auf Cookies anzeigen.<br \/>\n&#8211; W\u00e4hlen Sie sie aus und l\u00f6schen Sie sie.<\/p>\n<h3>Aus Safari :<\/h3>\n<p>&#8211; W\u00e4hlen Sie in Ihrem Browser das Men\u00fc Bearbeiten &gt; Einstellungen.<br \/>\n&#8211; Klicken Sie auf Sicherheit.<br \/>\n&#8211; Klicken Sie auf Cookies anzeigen.<br \/>\n&#8211; W\u00e4hlen Sie sie aus und l\u00f6schen Sie sie.<br \/>\n&#8211; Nach dem L\u00f6schen klicken Sie auf Fertig.<\/p>\n<h3>Von Google Chrome :<\/h3>\n<p>&#8211; Klicken Sie auf das Symbol im Men\u00fc Extras.<br \/>\n&#8211; W\u00e4hlen Sie Optionen.<br \/>\n&#8211; Klicken Sie auf die Registerkarte Erweiterte Optionen und gehen Sie zum Abschnitt Datenschutz.<br \/>\n&#8211; Klicken Sie auf die Schaltfl\u00e4che Cookies anzeigen.<br \/>\n&#8211; W\u00e4hlen Sie sie aus und unterdr\u00fccken Sie sie.<br \/>\n&#8211; Klicken Sie auf Schlie\u00dfen, um zu Ihrem Browser zur\u00fcckzukehren.<\/p>\n<p>Bei anderen Internetbrowsern gen\u00fcgt es, die browserspezifische Hilfe zu konsultieren.<\/p>\n<\/div>\n<\/article>\n<p><\/main><\/div>\n<\/div>\n<\/div>\n","protected":false},"excerpt":{"rendered":"<p>Diese Website verwendet Google Analytics, Schaltfl\u00e4chen zum Teilen von Beitr\u00e4gen und somit Cookies. Was sind Cookies? Das sind kleine Dateien, die der verwendete Browser lokal auf der Festplatte des Besuchers speichert und die es erm\u00f6glichen, Informationen \u00fcber seine Aufenthalte im&#8230;<\/p>\n","protected":false},"author":1,"featured_media":0,"parent":0,"menu_order":0,"comment_status":"closed","ping_status":"closed","template":"","meta":{"_uag_custom_page_level_css":"","footnotes":""},"class_list":["post-3758","page","type-page","status-publish","hentry"],"uagb_featured_image_src":{"full":false,"thumbnail":false,"medium":false,"medium_large":false,"large":false,"1536x1536":false,"2048x2048":false,"gucherry-blog-thumbnail-one":false,"gucherry-blog-thumbnail-two":false},"uagb_author_info":{"display_name":"Expert Toilettage","author_link":"https:\/\/www.toilettagechienschats.com\/de\/author\/aurore-toile\/"},"uagb_comment_info":0,"uagb_excerpt":"Diese Website verwendet Google Analytics, Schaltfl\u00e4chen zum Teilen von Beitr\u00e4gen und somit Cookies. Was sind Cookies? Das sind kleine Dateien, die der verwendete Browser lokal auf der Festplatte des Besuchers speichert und die es erm\u00f6glichen, Informationen \u00fcber seine Aufenthalte im...","_links":{"self":[{"href":"https:\/\/www.toilettagechienschats.com\/de\/wp-json\/wp\/v2\/pages\/3758","targetHints":{"allow":["GET"]}}],"collection":[{"href":"https:\/\/www.toilettagechienschats.com\/de\/wp-json\/wp\/v2\/pages"}],"about":[{"href":"https:\/\/www.toilettagechienschats.com\/de\/wp-json\/wp\/v2\/types\/page"}],"author":[{"embeddable":true,"href":"https:\/\/www.toilettagechienschats.com\/de\/wp-json\/wp\/v2\/users\/1"}],"replies":[{"embeddable":true,"href":"https:\/\/www.toilettagechienschats.com\/de\/wp-json\/wp\/v2\/comments?post=3758"}],"version-history":[{"count":0,"href":"https:\/\/www.toilettagechienschats.com\/de\/wp-json\/wp\/v2\/pages\/3758\/revisions"}],"wp:attachment":[{"href":"https:\/\/www.toilettagechienschats.com\/de\/wp-json\/wp\/v2\/media?parent=3758"}],"curies":[{"name":"wp","href":"https:\/\/api.w.org\/{rel}","templated":true}]}}